{"id":37,"date":"2018-07-24T17:41:49","date_gmt":"2018-07-24T17:41:49","guid":{"rendered":"https:\/\/szigetihaz.hu\/?page_id=37"},"modified":"2018-07-24T18:12:18","modified_gmt":"2018-07-24T18:12:18","slug":"elerhetoseg","status":"publish","type":"page","link":"https:\/\/szigetihaz.hu\/en\/elerhetoseg\/","title":{"rendered":"El\u00e9rhet\u0151s\u00e9g"},"content":{"rendered":"<p><iframe loading=\"lazy\" style=\"border: 0;\" src=\"https:\/\/www.google.com\/maps\/embed?pb=!1m18!1m12!1m3!1d14480.757759281174!2d16.590394657869638!3d46.57058190343188!2m3!1f0!2f0!3f0!3m2!1i1024!2i768!4f13.1!3m3!1m2!1s0x4768c98c7b194df7%3A0x21fb1f162896b974!2sSz%C3%A9csisziget%2C+De%C3%A1k+Ferenc+u.+36%2C+8879!5e1!3m2!1shu!2shu!4v1532454082281\" width=\"600\" height=\"450\" frameborder=\"0\" allowfullscreen=\"allowfullscreen\"><\/iframe><\/p>\n<p>Zala nyugati sz\u00e9l\u00e9n, az M70-es aut\u00f3\u00fat v\u00e9ge ut\u00e1n egy kicsivel tal\u00e1lhat\u00f3 kis falu &#8220;k\u00fcls\u0151&#8221; utc\u00e1j\u00e1ban van a vend\u00e9gh\u00e1zunk, ahova Budapestr\u0151l sz\u00e9lsebesen, az utols\u00f3 t\u00edz kilom\u00e9tert lesz\u00e1m\u00edtva aut\u00f3p\u00e1ly\u00e1n lehet eljutni 2-2,5 \u00f3ra alatt.<\/p>\n<p>Ha tov\u00e1bbi k\u00e9rd\u00e9sed lenne, \u00edrj nek\u00fcnk a <a href=\"mailto:hello@szigetihaz.hu\">hello@szigetihaz.hu<\/a> email c\u00edmre.<\/p>\n","protected":false},"excerpt":{"rendered":"<p>Zala nyugati sz\u00e9l\u00e9n, az M70-es aut\u00f3\u00fat v\u00e9ge ut\u00e1n egy kicsivel tal\u00e1lhat\u00f3 kis falu &#8220;k\u00fcls\u0151&#8221; utc\u00e1j\u00e1ban van a vend\u00e9gh\u00e1zunk, ahova Budapestr\u0151l sz\u00e9lsebesen, az utols\u00f3 t\u00edz kilom\u00e9tert lesz\u00e1m\u00edtva aut\u00f3p\u00e1ly\u00e1n lehet eljutni 2-2,5 \u00f3ra alatt. Ha tov\u00e1bbi k\u00e9rd\u00e9sed lenne, \u00edrj nek\u00fcnk a hello@szigetihaz.hu email c\u00edmre.<\/p>\n","protected":false},"author":1,"featured_media":0,"parent":0,"menu_order":0,"comment_status":"closed","ping_status":"closed","template":"","meta":{"_exactmetrics_skip_tracking":false,"_exactmetrics_sitenote_active":false,"_exactmetrics_sitenote_note":"","_exactmetrics_sitenote_category":0,"ngg_post_thumbnail":0},"aioseo_notices":[],"_links":{"self":[{"href":"https:\/\/szigetihaz.hu\/en\/wp-json\/wp\/v2\/pages\/37"}],"collection":[{"href":"https:\/\/szigetihaz.hu\/en\/wp-json\/wp\/v2\/pages"}],"about":[{"href":"https:\/\/szigetihaz.hu\/en\/wp-json\/wp\/v2\/types\/page"}],"author":[{"embeddable":true,"href":"https:\/\/szigetihaz.hu\/en\/wp-json\/wp\/v2\/users\/1"}],"replies":[{"embeddable":true,"href":"https:\/\/szigetihaz.hu\/en\/wp-json\/wp\/v2\/comments?post=37"}],"version-history":[{"count":2,"href":"https:\/\/szigetihaz.hu\/en\/wp-json\/wp\/v2\/pages\/37\/revisions"}],"predecessor-version":[{"id":51,"href":"https:\/\/szigetihaz.hu\/en\/wp-json\/wp\/v2\/pages\/37\/revisions\/51"}],"wp:attachment":[{"href":"https:\/\/szigetihaz.hu\/en\/wp-json\/wp\/v2\/media?parent=37"}],"curies":[{"name":"wp","href":"https:\/\/api.w.org\/{rel}","templated":true}]}}