{"id":20,"date":"2018-07-24T16:08:24","date_gmt":"2018-07-24T16:08:24","guid":{"rendered":"https:\/\/szigetihaz.hu\/?page_id=20"},"modified":"2018-07-24T18:08:35","modified_gmt":"2018-07-24T18:08:35","slug":"programok-a-kornyeken","status":"publish","type":"page","link":"https:\/\/szigetihaz.hu\/en\/programok-a-kornyeken\/","title":{"rendered":"Programok a k\u00f6rny\u00e9ken"},"content":{"rendered":"    <div data-options='{&quot;id&quot;:&quot;48&quot;,&quot;lazy_load&quot;:&quot;no&quot;,&quot;masonry_enable&quot;:&quot;no&quot;,&quot;view_type&quot;:&quot;grid&quot;}' id=\"post-grid-48\" class=\"post-grid grid\">\n    \n\n\n    <div class=\"grid-items\">\n      <div class=\"item item-249 skin flat even 0 \">\n        <div class=\"layer-wrapper layout-\">\n        <div class=\"layer-media\"><a href=\"https:\/\/szigetihaz.hu\/en\/dobronaki-tropusi-kert\/\"><img decoding=\"async\" alt=\"\" src=\"https:\/\/szigetihaz.hu\/wp-content\/uploads\/2019\/05\/orchidea-300x86.jpg\" \/><\/a><\/div>\n  <div class=\"layer-content\">\n        <div class=\"element element_0  title \">\r\n                    <a target=\"\"\r\n                href=\"https:\/\/szigetihaz.hu\/en\/dobronaki-tropusi-kert\/\">[:hu]Dobronaki Tr\u00f3pusi Kert[:]<\/a>\r\n            <\/div>\r\n    <div class=\"element element_1  excerpt \">\r\n        [:hu] 350 n\u00e9gyzetm\u00e9ternyi tr\u00f3pusi kert, t\u00f6bb, mint 900 f\u00e9le egzotikus n\u00f6v\u00e9ny. Ocean Orchids d.o.o.Szlov\u00e9nia, Dobrovnik 2979223 Dobrovnik Bel\u00e9p\u0151jegyek: Feln\u0151tt: 5            <\/div>\r\n            <a class=\"element element_1532455681314  read_more \"\r\n            target=\"_blank\"\r\n            href=\"https:\/\/szigetihaz.hu\/en\/dobronaki-tropusi-kert\/\">R\u00e9szletes inform\u00e1ci\u00f3k<\/a>\r\n      <\/div>\n    <\/div>\n  <\/div><div class=\"item item-125 skin flat odd 1 \">\n        <div class=\"layer-wrapper layout-\">\n        <div class=\"layer-media\"><a href=\"https:\/\/szigetihaz.hu\/en\/letenyei-strand\/\"><img decoding=\"async\" alt=\"\" src=\"https:\/\/szigetihaz.hu\/wp-content\/uploads\/2018\/07\/letenyei_strand-300x225.jpg\" \/><\/a><\/div>\n  <div class=\"layer-content\">\n        <div class=\"element element_0  title \">\r\n                    <a target=\"\"\r\n                href=\"https:\/\/szigetihaz.hu\/en\/letenyei-strand\/\">[:hu]Letenyei strand[:]<\/a>\r\n            <\/div>\r\n    <div class=\"element element_1  excerpt \">\r\n        [:hu]A letenyei term\u00e1lf\u00fcrd\u0151 \u00e9s kemping a COVID-19 j\u00e1rv\u00e1nyhelyzet miatt 2020-ban z\u00e1rva tart. A Szap\u00e1ry-kast\u00e9ly \u0151sparkj\u00e1nak \u00f6reg t\u00f6lgyei \u00e9s v\u00e9rb\u00fckkjei alatt,            <\/div>\r\n            <a class=\"element element_1532455681314  read_more \"\r\n            target=\"_blank\"\r\n            href=\"https:\/\/szigetihaz.hu\/en\/letenyei-strand\/\">R\u00e9szletes inform\u00e1ci\u00f3k<\/a>\r\n      <\/div>\n    <\/div>\n  <\/div><div class=\"item item-123 skin flat even 2 \">\n        <div class=\"layer-wrapper layout-\">\n        <div class=\"layer-media\"><a href=\"https:\/\/szigetihaz.hu\/en\/budafai-arboretum\/\"><img decoding=\"async\" alt=\"\" src=\"https:\/\/szigetihaz.hu\/wp-content\/uploads\/2018\/07\/Budafa_22-300x200.jpg\" \/><\/a><\/div>\n  <div class=\"layer-content\">\n        <div class=\"element element_0  title \">\r\n                    <a target=\"\"\r\n                href=\"https:\/\/szigetihaz.hu\/en\/budafai-arboretum\/\">[:hu]Budafai arbor\u00e9tum[:]<\/a>\r\n            <\/div>\r\n    <div class=\"element element_1  excerpt \">\r\n        [:hu]A budafapusztai arbor\u00e9tum ter\u00fclet\u00e9t alkot\u00f3 erd\u0151k r\u00e9gen a Zichy csal\u00e1d birtok\u00e1ban voltak. Az itt tal\u00e1lhat\u00f3 vad\u00e1szkast\u00e9ly 1926-ban \u00e9p\u00fclt, k\u00f6r\u00fcl\u00f6tte ekkor            <\/div>\r\n            <a class=\"element element_1532455681314  read_more \"\r\n            target=\"_blank\"\r\n            href=\"https:\/\/szigetihaz.hu\/en\/budafai-arboretum\/\">R\u00e9szletes inform\u00e1ci\u00f3k<\/a>\r\n      <\/div>\n    <\/div>\n  <\/div><div class=\"item item-121 skin flat odd 3 \">\n        <div class=\"layer-wrapper layout-\">\n        <div class=\"layer-media\"><a href=\"https:\/\/szigetihaz.hu\/en\/bazakerettyei-strand\/\"><img decoding=\"async\" alt=\"\" src=\"https:\/\/szigetihaz.hu\/wp-content\/uploads\/2018\/07\/bazakerettye_strand-300x200.jpg\" \/><\/a><\/div>\n  <div class=\"layer-content\">\n        <div class=\"element element_0  title \">\r\n                    <a target=\"\"\r\n                href=\"https:\/\/szigetihaz.hu\/en\/bazakerettyei-strand\/\">[:hu]B\u00e1zakerettyei term\u00e1lf\u00fcrd\u0151[:]<\/a>\r\n            <\/div>\r\n    <div class=\"element element_1  excerpt \">\r\n        [:hu]A strand 2020-ban a j\u00e1rv\u00e1nyhelyzet miatt z\u00e1rva! A strand k\u00e9t meleg vizes \u00e9lm\u00e9nymedenc\u00e9t, egy pezsg\u0151f\u00fcrd\u0151t, egy 33x15 m-es hideg vizes            <\/div>\r\n            <a class=\"element element_1532455681314  read_more \"\r\n            target=\"_blank\"\r\n            href=\"https:\/\/szigetihaz.hu\/en\/bazakerettyei-strand\/\">R\u00e9szletes inform\u00e1ci\u00f3k<\/a>\r\n      <\/div>\n    <\/div>\n  <\/div><div class=\"item item-99 skin flat even 4 \">\n        <div class=\"layer-wrapper layout-\">\n        <div class=\"layer-media\"><a href=\"https:\/\/szigetihaz.hu\/en\/turautvonalak\/\"><img decoding=\"async\" alt=\"\" src=\"https:\/\/szigetihaz.hu\/wp-content\/uploads\/2018\/07\/kilatas-300x300.jpg\" \/><\/a><\/div>\n  <div class=\"layer-content\">\n        <div class=\"element element_0  title \">\r\n                    <a target=\"\"\r\n                href=\"https:\/\/szigetihaz.hu\/en\/turautvonalak\/\">[:hu]T\u00fara\u00fatvonalak[:]<\/a>\r\n            <\/div>\r\n    <div class=\"element element_1  excerpt \">\r\n        [:hu] T\u00far\u00e1z\u00e1shoz tudnk k\u00f6lcs\u00f6nadni t\u00e9rk\u00e9pet, melyen megtal\u00e1lhat\u00f3ak a k\u00f6rny\u00e9k hivatalos t\u00fara\u00fatvonalai (Zalai-dombs\u00e1g d\u00e9li r\u00e9sze t\u00e9rk\u00e9p). A t\u00e9rk\u00e9pet n\u00e1lunk meg is            <\/div>\r\n            <a class=\"element element_1532455681314  read_more \"\r\n            target=\"_blank\"\r\n            href=\"https:\/\/szigetihaz.hu\/en\/turautvonalak\/\">R\u00e9szletes inform\u00e1ci\u00f3k<\/a>\r\n      <\/div>\n    <\/div>\n  <\/div><div class=\"item item-97 skin flat odd 5 \">\n        <div class=\"layer-wrapper layout-\">\n        <div class=\"layer-media\"><a href=\"https:\/\/szigetihaz.hu\/en\/lovaszi-bunkerrendszer\/\"><img decoding=\"async\" alt=\"\" src=\"https:\/\/szigetihaz.hu\/wp-content\/uploads\/2018\/07\/Bunker_lovaszi-300x226.jpg\" \/><\/a><\/div>\n  <div class=\"layer-content\">\n        <div class=\"element element_0  title \">\r\n                    <a target=\"\"\r\n                href=\"https:\/\/szigetihaz.hu\/en\/lovaszi-bunkerrendszer\/\">[:hu]Lov\u00e1szi bunkerrendszer[:]<\/a>\r\n            <\/div>\r\n    <div class=\"element element_1  excerpt \">\r\n        [:hu]Az 50-es \u00e9vek hidegh\u00e1bor\u00fas hiszt\u00e9ri\u00e1j\u00e1ban a szovjet ir\u00e1nyt\u00f3l elt\u00e9r\u0151 utat j\u00e1r\u00f3 szocialista Jugoszl\u00e1vi\u00e1t ellens\u00e9gg\u00e9 ki\u00e1ltott\u00e1k ki, \u00edgy haz\u00e1nk a szocializmus            <\/div>\r\n            <a class=\"element element_1532455681314  read_more \"\r\n            target=\"_blank\"\r\n            href=\"https:\/\/szigetihaz.hu\/en\/lovaszi-bunkerrendszer\/\">R\u00e9szletes inform\u00e1ci\u00f3k<\/a>\r\n      <\/div>\n    <\/div>\n  <\/div><div class=\"item item-93 skin flat even 6 \">\n        <div class=\"layer-wrapper layout-\">\n        <div class=\"layer-media\"><a href=\"https:\/\/szigetihaz.hu\/en\/lendvai-gyogyfurdo\/\"><img decoding=\"async\" alt=\"\" src=\"https:\/\/szigetihaz.hu\/wp-content\/uploads\/2018\/07\/Terme-Lendava-300x204.jpg\" \/><\/a><\/div>\n  <div class=\"layer-content\">\n        <div class=\"element element_0  title \">\r\n                    <a target=\"\"\r\n                href=\"https:\/\/szigetihaz.hu\/en\/lendvai-gyogyfurdo\/\">[:hu]Lendvai gy\u00f3gyf\u00fcrd\u0151[:]<\/a>\r\n            <\/div>\r\n    <div class=\"element element_1  excerpt \">\r\n        [:hu]A Terme Lendva\u00a0k\u00fcl\u00f6nlegess\u00e9ge a t\u00e9rs\u00e9gben egyed\u00fcl\u00e1ll\u00f3 \u00f6sszet\u00e9tel\u0171 gy\u00f3gyv\u00edz, amelynek magas paraffintartalma gy\u00f3gy\u00edt\u00e1sra, megel\u0151z\u00e9sre, rehabilit\u00e1ci\u00f3ra \u00e9s rekre\u00e1ci\u00f3ra egyar\u00e1nt kiv\u00e1l\u00f3. Lendva Sz\u00e9csiszigett\u0151l            <\/div>\r\n            <a class=\"element element_1532455681314  read_more \"\r\n            target=\"_blank\"\r\n            href=\"https:\/\/szigetihaz.hu\/en\/lendvai-gyogyfurdo\/\">R\u00e9szletes inform\u00e1ci\u00f3k<\/a>\r\n      <\/div>\n    <\/div>\n  <\/div><div class=\"item item-81 skin flat odd 7 \">\n        <div class=\"layer-wrapper layout-\">\n        <div class=\"layer-media\"><a href=\"https:\/\/szigetihaz.hu\/en\/lenti-termalfurdo\/\"><img decoding=\"async\" alt=\"\" src=\"https:\/\/szigetihaz.hu\/wp-content\/uploads\/2018\/07\/lenti_strand-1-300x137.png\" \/><\/a><\/div>\n  <div class=\"layer-content\">\n        <div class=\"element element_0  title \">\r\n                    <a target=\"\"\r\n                href=\"https:\/\/szigetihaz.hu\/en\/lenti-termalfurdo\/\">[:hu]Lenti term\u00e1lf\u00fcrd\u0151[:]<\/a>\r\n            <\/div>\r\n    <div class=\"element element_1  excerpt \">\r\n        [:hu]A Lenti Term\u00e1l- \u00e9s gy\u00f3gyf\u00fcrd\u0151 5 szabadt\u00e9ri \u00e9s 4 fedett medenc\u00e9j\u00e9vel az \u00e9v minden napj\u00e1n ny\u00fajt kikapcsol\u00f3d\u00e1si lehet\u0151s\u00e9get a csal\u00e1d            <\/div>\r\n            <a class=\"element element_1532455681314  read_more \"\r\n            target=\"_blank\"\r\n            href=\"https:\/\/szigetihaz.hu\/en\/lenti-termalfurdo\/\">R\u00e9szletes inform\u00e1ci\u00f3k<\/a>\r\n      <\/div>\n    <\/div>\n  <\/div><div class=\"item item-79 skin flat even 8 \">\n        <div class=\"layer-wrapper layout-\">\n        <div class=\"layer-media\"><a class=\"custom\" href=\"https:\/\/szigetihaz.hu\/en\/biciklizes\/\"><img decoding=\"async\" src=\"https:\/\/szigetihaz.hu\/wp-content\/plugins\/post-grid\/assets\/images\/placeholder.png\" \/><\/a><\/div>\n  <div class=\"layer-content\">\n        <div class=\"element element_0  title \">\r\n                    <a target=\"\"\r\n                href=\"https:\/\/szigetihaz.hu\/en\/biciklizes\/\">[:hu]Bicikliz\u00e9s[:]<\/a>\r\n            <\/div>\r\n    <div class=\"element element_1  excerpt \">\r\n        [:hu]Tal\u00e1lsz a h\u00e1zn\u00e1l k\u00e9t f\u00e9rfi \u00e9s k\u00e9t n\u0151i biciklit is, amit b\u00e1rmikor haszn\u00e1lhatsz. A k\u00f6rny\u00e9ken egyed\u00fcl a Tornyiszentmikl\u00f3s \u00e9s Lenti            <\/div>\r\n            <a class=\"element element_1532455681314  read_more \"\r\n            target=\"_blank\"\r\n            href=\"https:\/\/szigetihaz.hu\/en\/biciklizes\/\">R\u00e9szletes inform\u00e1ci\u00f3k<\/a>\r\n      <\/div>\n    <\/div>\n  <\/div><div class=\"item item-77 skin flat odd 9 \">\n        <div class=\"layer-wrapper layout-\">\n        <div class=\"layer-media\"><a class=\"custom\" href=\"https:\/\/szigetihaz.hu\/en\/lovaskocsikazas\/\"><img decoding=\"async\" src=\"https:\/\/szigetihaz.hu\/wp-content\/plugins\/post-grid\/assets\/images\/placeholder.png\" \/><\/a><\/div>\n  <div class=\"layer-content\">\n        <div class=\"element element_0  title \">\r\n                    <a target=\"\"\r\n                href=\"https:\/\/szigetihaz.hu\/en\/lovaskocsikazas\/\">[:hu]Lovaskocsik\u00e1z\u00e1s[:]<\/a>\r\n            <\/div>\r\n    <div class=\"element element_1  excerpt \">\r\n                    <\/div>\r\n            <a class=\"element element_1532455681314  read_more \"\r\n            target=\"_blank\"\r\n            href=\"https:\/\/szigetihaz.hu\/en\/lovaskocsikazas\/\">R\u00e9szletes inform\u00e1ci\u00f3k<\/a>\r\n      <\/div>\n    <\/div>\n  <\/div>    <\/div>\n    <div class=\"pagination\">\n      <div class=\"paginate\">\n    <span aria-current=\"page\" class=\"page-numbers current\">1<\/span>\n<a class=\"page-numbers\" href=\"https:\/\/szigetihaz.hu\/en\/wp-json\/wp\/v2\/pages\/20\/page\/2\/\">2<\/a>\n<a class=\"next page-numbers\" href=\"https:\/\/szigetihaz.hu\/en\/wp-json\/wp\/v2\/pages\/20\/page\/2\/\">Next \u00bb<\/a>  <\/div>\n  <style type=\"text\/css\">\n    #post-grid-48 .pagination .page-numbers {\n      font-size: 17px;\n      color: #646464;\n      background: #646464;\n    }\n\n    #post-grid-48 .pagination .page-numbers:hover,\n    #post-grid-48 .pagination .page-numbers.current {\n      background: #4b4b4b;\n    }\n  <\/style>\n  <\/div>\n      <style type=\"text\/css\">\n      \/*Write your CSS code here*\/    <\/style>\n      <script>\n          \/*Write your js code here*\/          <\/script>\n    <style type=\"text\/css\">\n    #post-grid-48 .element_0 {\n      display: block;font-size: 21px;line-height: normal;padding: 5px 10px;text-align: left;    }\n\n    #post-grid-48 .element_1 {\n      display: block;font-size: 12px;padding: 5px 10px;text-align: left;    }\n\n    #post-grid-48 .element_1532455681314 {\n      display: block;font-size: 12px;font-weight: bold;padding: 0 10px;text-align: left;    }\n\n    #post-grid-48 .element_0:hover{}#post-grid-48 .element_1:hover{}#post-grid-48 .element_1532455681314:hover{}  <\/style>\n  <style type=\"text\/css\">\n    #post-grid-48 {\n      padding: 10px;\n      background-color: #fff;\n          }\n\n    #post-grid-48 .item {\n      background: #fff;\n          }\n\n    #post-grid-48 .item .layer-media {\n      height:auto;    }\n\n    @media only screen and (min-width: 0px) and (max-width: 767px) {\n      #post-grid-48 .grid-items {\n        text-align: center;\n              }\n\n      #post-grid-48 .item {\n        width: 90%;\n        margin: 10px;\n        display: inline-block;\n        vertical-align: top;\n        height:auto;      }\n    }\n\n    @media only screen and (min-width: 768px) and (max-width: 1023px) {\n      #post-grid-48 .grid-items {\n        text-align: center;\n              }\n\n      #post-grid-48 .item {\n        width: 225px;\n        margin: 10px;\n        display: inline-block;\n        vertical-align: top;\n        max-height:auto;      }\n    }\n\n    @media only screen and (min-width: 1024px) {\n      #post-grid-48 .grid-items {\n        text-align: center;\n              }\n\n      #post-grid-48 .item {\n        width: 225px;\n        display: inline-block;\n        margin: 10px;\n        vertical-align: top;\n        height:auto;      }\n    }\n\n      <\/style>\n  <\/div>\n\n","protected":false},"excerpt":{"rendered":"","protected":false},"author":1,"featured_media":0,"parent":0,"menu_order":0,"comment_status":"closed","ping_status":"closed","template":"","meta":{"_exactmetrics_skip_tracking":false,"_exactmetrics_sitenote_active":false,"_exactmetrics_sitenote_note":"","_exactmetrics_sitenote_category":0,"ngg_post_thumbnail":0,"footnotes":""},"class_list":["post-20","page","type-page","status-publish","hentry"],"_links":{"self":[{"href":"https:\/\/szigetihaz.hu\/en\/wp-json\/wp\/v2\/pages\/20","targetHints":{"allow":["GET"]}}],"collection":[{"href":"https:\/\/szigetihaz.hu\/en\/wp-json\/wp\/v2\/pages"}],"about":[{"href":"https:\/\/szigetihaz.hu\/en\/wp-json\/wp\/v2\/types\/page"}],"author":[{"embeddable":true,"href":"https:\/\/szigetihaz.hu\/en\/wp-json\/wp\/v2\/users\/1"}],"replies":[{"embeddable":true,"href":"https:\/\/szigetihaz.hu\/en\/wp-json\/wp\/v2\/comments?post=20"}],"version-history":[{"count":2,"href":"https:\/\/szigetihaz.hu\/en\/wp-json\/wp\/v2\/pages\/20\/revisions"}],"predecessor-version":[{"id":49,"href":"https:\/\/szigetihaz.hu\/en\/wp-json\/wp\/v2\/pages\/20\/revisions\/49"}],"wp:attachment":[{"href":"https:\/\/szigetihaz.hu\/en\/wp-json\/wp\/v2\/media?parent=20"}],"curies":[{"name":"wp","href":"https:\/\/api.w.org\/{rel}","templated":true}]}}