{"id":2,"date":"2018-07-24T15:53:21","date_gmt":"2018-07-24T15:53:21","guid":{"rendered":"http:\/\/szigetihaz.hu\/?page_id=2"},"modified":"2023-04-05T11:01:32","modified_gmt":"2023-04-05T11:01:32","slug":"fooldal","status":"publish","type":"page","link":"https:\/\/szigetihaz.hu\/en\/","title":{"rendered":"Sz\u00e9csiszigeti vend\u00e9gh\u00e1z falusi pihen\u00e9shez"},"content":{"rendered":"<p><img decoding=\"async\" loading=\"lazy\" class=\"size-thumbnail wp-image-359 alignright\" src=\"https:\/\/szigetihaz.hu\/wp-content\/uploads\/2020\/04\/szigeti_h\u00e1z_log\u00f3-150x150.jpg\" alt=\"\" width=\"150\" height=\"150\" srcset=\"https:\/\/szigetihaz.hu\/wp-content\/uploads\/2020\/04\/szigeti_h\u00e1z_log\u00f3-150x150.jpg 150w, https:\/\/szigetihaz.hu\/wp-content\/uploads\/2020\/04\/szigeti_h\u00e1z_log\u00f3-100x100.jpg 100w\" sizes=\"(max-width: 150px) 100vw, 150px\" \/>Gyere el, pihenj n\u00e1lunk ebben a csendes, 200 f\u0151s zalai kis faluban, ahol a Kerka partj\u00e1n bivalyok legel\u00e9sznek, az erd\u0151ben \u0151zek s\u00e9t\u00e1lgatnak \u00e9s cikl\u00e1men vir\u00e1gzik, a r\u00e9ten kakukkvir\u00e1gban gy\u00f6ny\u00f6rk\u00f6dhetsz.<\/p>\n<p>A faluban van egy kocsma, meg egy templom, \u00e9s tal\u00e1n a t\u00e1vols\u00e1gi busz is bej\u00f6n naponta egyszer, de ahhoz s\u00e9t\u00e1lni kell egy kicsit. Van egy bivalyrezerv\u00e1tum, ahol b\u00e1rmikor meglesheted a Kerka holt\u00e1ga \u00e9s a Kerka k\u00f6zti ter\u00fcleten a bivalyokat. Ezen k\u00edv\u00fcl egy kast\u00e9lyt is tal\u00e1lsz az egyik utca v\u00e9g\u00e9n, meg van egy fel\u00faj\u00edtott malom is.<\/p>\n<p>A h\u00e1zban megtal\u00e1lsz mindent, amire sz\u00fcks\u00e9ged lesz, ak\u00e1r k\u00e9t h\u00e9tre, ak\u00e1r csak egy h\u00e9tv\u00e9g\u00e9re l\u00e1togatsz el hozz\u00e1nk. Haszn\u00e1lhatod a bic\u00f3kat, grillezhetsz, vagy bogr\u00e1csozhatsz az udvaron, hozhatod a porontyot is, \u00e9s\/vagy a kuty\u00e1dat, rendelhetsz eb\u00e9det, ha szeretn\u00e9d, lovagolhatsz, vagy lovaskocsival k\u00f6r\u00fcln\u00e9zhetsz a k\u00f6rny\u00e9ken, s\u00e9t\u00e1lhatsz az erd\u0151ben, vagy a patakparton, fels\u00e9t\u00e1lhatsz a hegyre a kil\u00e1t\u00f3hoz, mehetsz traktort\u00far\u00e1ra is,&nbsp; s\u0151t, ha szeretn\u00e9d, ak\u00e1r kap\u00e1lhatsz is a kertben! Ha leny\u00edrod a f\u00fcvet, kedvezm\u00e9nyt is kaphatsz a sz\u00e1ll\u00e1sd\u00edjb\u00f3l.<\/p>\n<p>Elf\u00e9rtek ak\u00e1r t\u00edzen is a h\u00e1zban (nyolcan \u00e1gyon, ketten kinyithat\u00f3 kanap\u00e9n). 2020-21-ben fel\u00faj\u00edtottuk a bels\u0151 tereket, \u00e9s elk\u00e9sz\u00fclt az \u00faj terasz is. Tal\u00e1lsz ed\u00e9nyeket, etet\u0151sz\u00e9ket, mos\u00f3g\u00e9pet, mosogat\u00f3g\u00e9pet, k\u00e1v\u00e9f\u0151z\u0151t, mikr\u00f3t, netet, \u00e9s ha t\u00e9nyleg nem tudsz mit kezdeni magaddal, fel\u0151lem a TV-t is bekapcsolhatod, b\u00e1r nem hiszem, hogy ez\u00e9rt j\u00f6ssz.<\/p>\n<p>Ha \u201ct\u00e1volabb\u201d is k\u00f6r\u00fcln\u00e9zn\u00e9l, sok \u00e9rdekes l\u00e1tnival\u00f3 van a k\u00f6rny\u00e9ken. A szomsz\u00e9dban van a Lenti term\u00e1lf\u00fcrd\u0151 (11km), de egy k\u00f6p\u00e9sre van a szlov\u00e9n \u00e9s a horv\u00e1t hat\u00e1r is, \u00fagyhogy ak\u00e1r \u201ck\u00fclf\u00f6ldi\u201d kir\u00e1ndul\u00e1s is belef\u00e9r egy p\u00e1r perces aut\u00f3\u00fattal, vagy egy biciklit\u00far\u00e1val. A szint\u00e9n p\u00e1r kilom\u00e9terre l\u00e9v\u0151 Lov\u00e1sziban (6km) \u00e9s a k\u00f6r\u00fcl\u00f6tte l\u00e9v\u0151 erd\u0151kben sz\u00e1mtalan olajipari &#8220;maradv\u00e1nnyal&#8221; tal\u00e1lkozhatsz (olajkutak, tank\u00e1llom\u00e1sok, l\u00e9gv\u00e9delmi \u00f3v\u00f3hely, olajipari ki\u00e1ll\u00edt\u00e1s stb.), s\u0151t, itt is tal\u00e1lsz egy strandot, meg \u00e9ttermet, boltokat (sz\u00fcks\u00e9g eset\u00e9n orvost). A m\u00e1sik ir\u00e1nyban van a V\u00e9tyemi \u0151sb\u00fckk\u00f6s (aut\u00f3val 8 km, gyalog \u201ccsak\u201d \u00e1t kell menni a hegyen), itt t\u00f6bb, mint 40 \u00e9ve semmilyen erd\u0151gazd\u00e1lkod\u00e1si tev\u00e9kenys\u00e9g nem t\u00f6rt\u00e9nt, a f\u00e1k pedig t\u00f6bb, mint 190 \u00e9vesek \u00e9s nagyon sz\u00e9pek.<\/p>\n<p>Ha lej\u00f6ssz hozz\u00e1nk, enn\u00e9l r\u00e9szletesebb inf\u00f3kat is tudunk adni, t\u00fara\u00fatvonalakkal, t\u00e9rk\u00e9ppel, aktu\u00e1lis programokkal, de azt is megteheted, hogy csak pihensz a kertben.<\/p>\n<p>V\u00e1runk szeretettel!<\/p>\n<p>&nbsp;<\/p>\n\n\n<figure class=\"wp-block-table\"><table><tbody><tr><td class=\"has-text-align-center\" data-align=\"center\"><div class=\"wp-gr rpi wpac\" data-id=\"420\" data-layout=\"slider\" data-exec=\"false\" data-options='{&quot;text_size&quot;:&quot;&quot;,&quot;trans&quot;:{&quot;read more&quot;:&quot;read more&quot;}}'><svg xmlns=\"http:\/\/www.w3.org\/2000\/svg\" style=\"display:none!important\"><symbol id=\"grw-tripadvisor\" viewBox=\"0 0 713.496 713.496\"><g><circle fill=\"#34E0A1\" cx=\"356.749\" cy=\"356.748\" r=\"356.748\"\/><path d=\"M577.095,287.152l43.049-46.836h-95.465c-47.792-32.646-105.51-51.659-167.931-51.659   c-62.342,0-119.899,19.054-167.612,51.659H93.432l43.049,46.836c-26.387,24.075-42.929,58.754-42.929,97.259   c0,72.665,58.914,131.578,131.579,131.578c34.519,0,65.968-13.313,89.446-35.077l42.172,45.919l42.172-45.879   c23.478,21.764,54.887,35.037,89.406,35.037c72.665,0,131.658-58.913,131.658-131.578   C620.024,345.866,603.483,311.188,577.095,287.152z M225.17,473.458c-49.188,0-89.047-39.859-89.047-89.047   s39.86-89.048,89.047-89.048c49.187,0,89.047,39.86,89.047,89.048S274.357,473.458,225.17,473.458z M356.788,381.82   c0-58.595-42.61-108.898-98.853-130.383c30.413-12.716,63.776-19.771,98.813-19.771s68.439,7.055,98.853,19.771   C399.399,272.962,356.788,323.226,356.788,381.82z M488.367,473.458c-49.188,0-89.048-39.859-89.048-89.047   s39.86-89.048,89.048-89.048s89.047,39.86,89.047,89.048S537.554,473.458,488.367,473.458z M488.367,337.694   c-25.79,0-46.677,20.887-46.677,46.677c0,25.789,20.887,46.676,46.677,46.676c25.789,0,46.676-20.887,46.676-46.676   C535.042,358.621,514.156,337.694,488.367,337.694z M271.846,384.411c0,25.789-20.887,46.676-46.676,46.676   s-46.676-20.887-46.676-46.676c0-25.79,20.887-46.677,46.676-46.677C250.959,337.694,271.846,358.621,271.846,384.411z\"\/><\/g><\/symbol><symbol id=\"grw-google\" viewBox=\"0 0 512 512\"><g fill=\"none\" fill-rule=\"evenodd\"><path d=\"M482.56 261.36c0-16.73-1.5-32.83-4.29-48.27H256v91.29h127.01c-5.47 29.5-22.1 54.49-47.09 71.23v59.21h76.27c44.63-41.09 70.37-101.59 70.37-173.46z\" fill=\"#4285f4\"\/><path d=\"M256 492c63.72 0 117.14-21.13 156.19-57.18l-76.27-59.21c-21.13 14.16-48.17 22.53-79.92 22.53-61.47 0-113.49-41.51-132.05-97.3H45.1v61.15c38.83 77.13 118.64 130.01 210.9 130.01z\" fill=\"#34a853\"\/><path d=\"M123.95 300.84c-4.72-14.16-7.4-29.29-7.4-44.84s2.68-30.68 7.4-44.84V150.01H45.1C29.12 181.87 20 217.92 20 256c0 38.08 9.12 74.13 25.1 105.99l78.85-61.15z\" fill=\"#fbbc05\"\/><path d=\"M256 113.86c34.65 0 65.76 11.91 90.22 35.29l67.69-67.69C373.03 43.39 319.61 20 256 20c-92.25 0-172.07 52.89-210.9 130.01l78.85 61.15c18.56-55.78 70.59-97.3 132.05-97.3z\" fill=\"#ea4335\"\/><path d=\"M20 20h472v472H20V20z\"\/><\/g><\/symbol><\/svg><div class=\"grw-row grw-row-m\" data-options='{\"speed\":3,\"autoplay\":true,\"mousestop\":true,\"breakpoints\":\"\"}'><div class=\"grw-header\"><div class=\"grw-header-inner rpi-flx rpi-row12\"><div class=\"grw-img-wrap\"><img class=\"grw-img\" src=\"https:\/\/lh3.googleusercontent.com\/places\/AJQcZqJurjq466-DBvXNLdliaL17M_hIypVnrSKn1ZQVZ7kya037w2HbsPaCIMX4QZd3kZ_9MZinY8WepICsSo5if-ADMtKmDseY9fg=s1600-w300-h300\" loading=\"lazy\" alt=\"Szigeti H\u00e1z place picture\" width=\"50\" height=\"50\" onerror=\"if(this.src!='data:image\/gif;base64,R0lGODlhAQABAIAAAAAAAP\/\/\/yH5BAEAAAAALAAAAAABAAEAAAIBRAA7')this.src='data:image\/gif;base64,R0lGODlhAQABAIAAAAAAAP\/\/\/yH5BAEAAAAALAAAAAABAAEAAAIBRAA7';\" ><\/div><div class=\"rpi-flx rpi-col8\"><div class=\"wp-google-name\"><a href=\"https:\/\/maps.google.com\/?cid=7027131012983183259\" target=\"_blank\" rel=\"nofollow noopener\">Szigeti H\u00e1z<\/a><\/div><span class=\"rpi-stars\" style=\"--rating:5.0\">5.0<\/span><div class=\"wp-google-powered\">powered by <span><span style=\"color:#3c6df0!important\">G<\/span><span style=\"color:#d93025!important\">o<\/span><span style=\"color:#fb8e28!important\">o<\/span><span style=\"color:#3c6df0!important\">g<\/span><span style=\"color:#188038!important\">l<\/span><span style=\"color:#d93025!important\">e<\/span><\/span><\/div><div class=\"wp-google-wr\"><a href=\"https:\/\/search.google.com\/local\/writereview?placeid=ChIJ0xnVsNLJaEcRm1f-ymxihWE\" target=\"_blank\" rel=\"nofollow noopener\" onclick=\"return rplg_leave_review_window.call(this)\">review us on<svg height=\"16\" width=\"16\" role=\"none\"><use href=\"#grw-google\"><\/use><\/svg><\/a><\/div><\/div><\/div><\/div><\/div><script>(function(p){if(!p)return;let w=p.offsetWidth,m=function(a,b){return Math.min(a,b)===a};p.querySelector('.grw-row').classList.replace('grw-row-m','grw-row-'+(m(w,510)?'xs':m(w,750)?'x':m(w,1100)?'s':m(w,1450)?'m':m(w,1800)?'l':'xl'))})(document.currentScript?.parentElement)<\/script><\/div><\/td><td class=\"has-text-align-center\" data-align=\"center\"><center><a href=\"https:\/\/szallas.hu\/szigeti-haz-szecsisziget\" style=\"display:block; width: 200px; height: 220px; text-decoration: none !important; background: #FFF\"><div class=\"excellent_accommodation_holder\" style=\"width: 198px; height: 218px; border: 1px solid #666; position: relative; font-family: Arial, Helvetica, sans-serif; font-size: 12px; color: #000; text-align: center; line-height: normal !important;\"><div class=\"excellent_badge\" style=\"background: url(https:\/\/s.szalas.hu\/images\/excellent\/logo_hu.gif); width: 192px; height: 145px; margin: 1px auto; padding: 0px;\"><\/div><div class=\"excellent_hotel_name\" style=\"width: 194px; height: 30px; overflow: hidden; margin: 0px auto 2px auto; color: #D20000; padding: 0px;\">Szigeti H\u00e1z Sz\u00e9csisziget<\/div><div class=\"rating_count_text\" style=\"width: 194px; height: 34px; overflow: hidden; color: #000;\"><script type=\"text\/javascript\" src=\"https:\/\/szallas.hu\/js\/excellent\/1272318\"><\/script><\/div><\/div><\/a><\/center><\/td><\/tr><\/tbody><\/table><\/figure>\n","protected":false},"excerpt":{"rendered":"<p>Gyere el, pihenj n\u00e1lunk ebben a csendes, 200 f\u0151s zalai kis faluban, ahol a Kerka partj\u00e1n bivalyok legel\u00e9sznek, az erd\u0151ben \u0151zek s\u00e9t\u00e1lgatnak \u00e9s cikl\u00e1men vir\u00e1gzik, a r\u00e9ten kakukkvir\u00e1gban gy\u00f6ny\u00f6rk\u00f6dhetsz. A faluban van egy kocsma, meg egy templom, \u00e9s tal\u00e1n a t\u00e1vols\u00e1gi busz is bej\u00f6n naponta egyszer, de ahhoz s\u00e9t\u00e1lni kell egy kicsit. Van egy bivalyrezerv\u00e1tum, &hellip; <\/p>\n<p class=\"link-more\"><a href=\"https:\/\/szigetihaz.hu\/en\/\" class=\"more-link\">Continue reading<span class=\"screen-reader-text\"> &#8220;Sz\u00e9csiszigeti vend\u00e9gh\u00e1z falusi pihen\u00e9shez&#8221;<\/span><\/a><\/p>\n","protected":false},"author":1,"featured_media":0,"parent":0,"menu_order":0,"comment_status":"closed","ping_status":"open","template":"","meta":{"_exactmetrics_skip_tracking":false,"_exactmetrics_sitenote_active":false,"_exactmetrics_sitenote_note":"","_exactmetrics_sitenote_category":0,"ngg_post_thumbnail":0},"aioseo_notices":[],"_links":{"self":[{"href":"https:\/\/szigetihaz.hu\/en\/wp-json\/wp\/v2\/pages\/2"}],"collection":[{"href":"https:\/\/szigetihaz.hu\/en\/wp-json\/wp\/v2\/pages"}],"about":[{"href":"https:\/\/szigetihaz.hu\/en\/wp-json\/wp\/v2\/types\/page"}],"author":[{"embeddable":true,"href":"https:\/\/szigetihaz.hu\/en\/wp-json\/wp\/v2\/users\/1"}],"replies":[{"embeddable":true,"href":"https:\/\/szigetihaz.hu\/en\/wp-json\/wp\/v2\/comments?post=2"}],"version-history":[{"count":18,"href":"https:\/\/szigetihaz.hu\/en\/wp-json\/wp\/v2\/pages\/2\/revisions"}],"predecessor-version":[{"id":428,"href":"https:\/\/szigetihaz.hu\/en\/wp-json\/wp\/v2\/pages\/2\/revisions\/428"}],"wp:attachment":[{"href":"https:\/\/szigetihaz.hu\/en\/wp-json\/wp\/v2\/media?parent=2"}],"curies":[{"name":"wp","href":"https:\/\/api.w.org\/{rel}","templated":true}]}}