{"id":18,"date":"2018-07-24T16:08:15","date_gmt":"2018-07-24T16:08:15","guid":{"rendered":"https:\/\/szigetihaz.hu\/?page_id=18"},"modified":"2018-07-24T18:05:22","modified_gmt":"2018-07-24T18:05:22","slug":"latnivalok","status":"publish","type":"page","link":"https:\/\/szigetihaz.hu\/en\/latnivalok\/","title":{"rendered":"L\u00e1tnival\u00f3k a k\u00f6rny\u00e9ken"},"content":{"rendered":"    <div data-options='{&quot;id&quot;:&quot;40&quot;,&quot;lazy_load&quot;:&quot;no&quot;,&quot;masonry_enable&quot;:&quot;no&quot;,&quot;view_type&quot;:&quot;grid&quot;}' id=\"post-grid-40\" class=\"post-grid grid\">\n        <div class=\"grid-items\">\n      <div class=\"item item-29 skin flat even 0 \">\n        <div class=\"layer-wrapper layout-\">\n        <div class=\"layer-media\"><a href=\"https:\/\/szigetihaz.hu\/en\/szecsiszigeti-kilato\/\"><img alt=\"\" src=\"https:\/\/szigetihaz.hu\/wp-content\/uploads\/2018\/07\/szigeti_kilato-1-300x200.jpg\" \/><\/a><\/div>\n  <div class=\"layer-content\">\n        <div class=\"element element_0  title \">\n                    <a target=\"\"\n                href=\"https:\/\/szigetihaz.hu\/en\/szecsiszigeti-kilato\/\">[:hu]Sz\u00e9csiszigeti kil\u00e1t\u00f3[:]<\/a>\n            <\/div>\n    <div class=\"element element_1  excerpt \">\n        [:hu]A \"szigeti hegyen\", a h\u00e1zt\u00f3l f\u00e9l \u00f3ra s\u00e9tat\u00e1vols\u00e1gra tal\u00e1lhat\u00f3 egy kil\u00e1t\u00f3, melyb\u0151l l\u00e1that\u00f3 a Kerka medenc\u00e9je. Ell\u00e1tni az 5km-re l\u00e9v\u0151            <\/div>\n            <a class=\"element element_1532455681314  read_more \"\n            target=\"_blank\"\n            href=\"https:\/\/szigetihaz.hu\/en\/szecsiszigeti-kilato\/\">R\u00e9szletes inform\u00e1ci\u00f3k<\/a>\n      <\/div>\n    <\/div>\n  <\/div><div class=\"item item-127 skin flat odd 1 \">\n        <div class=\"layer-wrapper layout-\">\n        <div class=\"layer-media\"><a href=\"https:\/\/szigetihaz.hu\/en\/pakai-erodpark\/\"><img alt=\"\" src=\"https:\/\/szigetihaz.hu\/wp-content\/uploads\/2018\/07\/paka_bunker-300x225.jpg\" \/><\/a><\/div>\n  <div class=\"layer-content\">\n        <div class=\"element element_0  title \">\n                    <a target=\"\"\n                href=\"https:\/\/szigetihaz.hu\/en\/pakai-erodpark\/\">[:hu]P\u00e1kai er\u0151dpark[:]<\/a>\n            <\/div>\n    <div class=\"element element_1  excerpt \">\n        [:hu]A D\u00e9li V\u00e9delmi Vonal (ez volt a hivatalos elnevez\u00e9s) a III. vil\u00e1gh\u00e1bor\u00fara val\u00f3 felk\u00e9sz\u00fcl\u00e9s jegy\u00e9ben k\u00e9sz\u00fclt, ugyanis a kommunista politikai            <\/div>\n            <a class=\"element element_1532455681314  read_more \"\n            target=\"_blank\"\n            href=\"https:\/\/szigetihaz.hu\/en\/pakai-erodpark\/\">R\u00e9szletes inform\u00e1ci\u00f3k<\/a>\n      <\/div>\n    <\/div>\n  <\/div><div class=\"item item-46 skin flat even 2 \">\n        <div class=\"layer-wrapper layout-\">\n        <div class=\"layer-media\"><a href=\"https:\/\/szigetihaz.hu\/en\/vinarium-lendava\/\"><img alt=\"\" src=\"https:\/\/szigetihaz.hu\/wp-content\/uploads\/2018\/07\/Vinarium1-300x200.jpg\" \/><\/a><\/div>\n  <div class=\"layer-content\">\n        <div class=\"element element_0  title \">\n                    <a target=\"\"\n                href=\"https:\/\/szigetihaz.hu\/en\/vinarium-lendava\/\">[:hu]Vinarium Lendava[:]<\/a>\n            <\/div>\n    <div class=\"element element_1  excerpt \">\n                    <\/div>\n            <a class=\"element element_1532455681314  read_more \"\n            target=\"_blank\"\n            href=\"https:\/\/szigetihaz.hu\/en\/vinarium-lendava\/\">R\u00e9szletes inform\u00e1ci\u00f3k<\/a>\n      <\/div>\n    <\/div>\n  <\/div><div class=\"item item-249 skin flat odd 3 \">\n        <div class=\"layer-wrapper layout-\">\n        <div class=\"layer-media\"><a href=\"https:\/\/szigetihaz.hu\/en\/dobronaki-tropusi-kert\/\"><img alt=\"\" src=\"https:\/\/szigetihaz.hu\/wp-content\/uploads\/2019\/05\/orchidea-300x86.jpg\" \/><\/a><\/div>\n  <div class=\"layer-content\">\n        <div class=\"element element_0  title \">\n                    <a target=\"\"\n                href=\"https:\/\/szigetihaz.hu\/en\/dobronaki-tropusi-kert\/\">[:hu]Dobronaki Tr\u00f3pusi Kert[:]<\/a>\n            <\/div>\n    <div class=\"element element_1  excerpt \">\n        [:hu] 350 n\u00e9gyzetm\u00e9ternyi tr\u00f3pusi kert, t\u00f6bb, mint 900 f\u00e9le egzotikus n\u00f6v\u00e9ny. Ocean Orchids d.o.o.Szlov\u00e9nia, Dobrovnik 2979223 Dobrovnik Bel\u00e9p\u0151jegyek: Feln\u0151tt: 5            <\/div>\n            <a class=\"element element_1532455681314  read_more \"\n            target=\"_blank\"\n            href=\"https:\/\/szigetihaz.hu\/en\/dobronaki-tropusi-kert\/\">R\u00e9szletes inform\u00e1ci\u00f3k<\/a>\n      <\/div>\n    <\/div>\n  <\/div><div class=\"item item-83 skin flat even 4 \">\n        <div class=\"layer-wrapper layout-\">\n        <div class=\"layer-media\"><a href=\"https:\/\/szigetihaz.hu\/en\/szecsiszigeti-kastely\/\"><img alt=\"\" src=\"https:\/\/szigetihaz.hu\/wp-content\/uploads\/2018\/07\/andrassy-kastely-300x207.jpg\" \/><\/a><\/div>\n  <div class=\"layer-content\">\n        <div class=\"element element_0  title \">\n                    <a target=\"\"\n                href=\"https:\/\/szigetihaz.hu\/en\/szecsiszigeti-kastely\/\">[:hu]Sz\u00e9csiszigeti kast\u00e9ly[:]<\/a>\n            <\/div>\n    <div class=\"element element_1  excerpt \">\n        [:hu]A Kossuth utca 27. sz\u00e1m\u00fa telken magasodik a Szap\u00e1ry csal\u00e1d XVIII. sz\u00e1zadban \u00e9p\u00edtett kast\u00e9lya, amit a sz\u00e9csiszigeti v\u00e1r egy r\u00e9sz\u00e9nek            <\/div>\n            <a class=\"element element_1532455681314  read_more \"\n            target=\"_blank\"\n            href=\"https:\/\/szigetihaz.hu\/en\/szecsiszigeti-kastely\/\">R\u00e9szletes inform\u00e1ci\u00f3k<\/a>\n      <\/div>\n    <\/div>\n  <\/div><div class=\"item item-85 skin flat odd 5 \">\n        <div class=\"layer-wrapper layout-\">\n        <div class=\"layer-media\"><a href=\"https:\/\/szigetihaz.hu\/en\/bivalyrezervatum\/\"><img alt=\"\" src=\"https:\/\/szigetihaz.hu\/wp-content\/uploads\/2018\/07\/bivaly-300x209.jpg\" \/><\/a><\/div>\n  <div class=\"layer-content\">\n        <div class=\"element element_0  title \">\n                    <a target=\"\"\n                href=\"https:\/\/szigetihaz.hu\/en\/bivalyrezervatum\/\">[:hu]Bivalyrezerv\u00e1tum[:]<\/a>\n            <\/div>\n    <div class=\"element element_1  excerpt \">\n        [:hu]A kast\u00e9ly szomsz\u00e9ds\u00e1g\u00e1ban h\u00e1zi bivalyok legel\u00e9sznek. A h\u00e1zi bivaly (Bos bubalus domesticus) \u0151se az \u00e1zsiai vagy indiai vadbivaly, melynek h\u00e1zias\u00edt\u00e1sa            <\/div>\n            <a class=\"element element_1532455681314  read_more \"\n            target=\"_blank\"\n            href=\"https:\/\/szigetihaz.hu\/en\/bivalyrezervatum\/\">R\u00e9szletes inform\u00e1ci\u00f3k<\/a>\n      <\/div>\n    <\/div>\n  <\/div><div class=\"item item-87 skin flat even 6 \">\n        <div class=\"layer-wrapper layout-\">\n        <div class=\"layer-media\"><a href=\"https:\/\/szigetihaz.hu\/en\/kerka-patak\/\"><img alt=\"\" src=\"https:\/\/szigetihaz.hu\/wp-content\/uploads\/2018\/07\/kerka-300x225.jpg\" \/><\/a><\/div>\n  <div class=\"layer-content\">\n        <div class=\"element element_0  title \">\n                    <a target=\"\"\n                href=\"https:\/\/szigetihaz.hu\/en\/kerka-patak\/\">[:hu]Kerka patak[:]<\/a>\n            <\/div>\n    <div class=\"element element_1  excerpt \">\n        [:hu]A\u00a0Kerka, r\u00e9gen\u00a0Kerk\u00e1s\u00a0(szlov\u00e9n\u00fcl\u00a0Krka,\u00a0vend\u00fcl\u00a0Kerka)\u00a0foly\u00f3\u00a0Szlov\u00e9ni\u00e1ban, a\u00a0Vendvid\u00e9ki-dombs\u00e1gban\u00a0ered,\u00a0Baj\u00e1nsenye\u00a0t\u00e9rs\u00e9g\u00e9ben l\u00e9p be\u00a0Magyarorsz\u00e1g\u00a0ter\u00fclet\u00e9re \u00e9s\u00a0Muraszemenye\u00a0t\u00e9rs\u00e9g\u00e9ben \u00f6mlik a\u00a0Mur\u00e1ba. V\u00edzgy\u0171jt\u0151 ter\u00fclete 1762\u00a0km\u00b2, bele\u00e9rtve a Mura torkolat felett, a 2+185 szelv\u00e9nyben betorkoll\u00f3\u00a0Lendva            <\/div>\n            <a class=\"element element_1532455681314  read_more \"\n            target=\"_blank\"\n            href=\"https:\/\/szigetihaz.hu\/en\/kerka-patak\/\">R\u00e9szletes inform\u00e1ci\u00f3k<\/a>\n      <\/div>\n    <\/div>\n  <\/div><div class=\"item item-89 skin flat odd 7 \">\n        <div class=\"layer-wrapper layout-\">\n        <div class=\"layer-media\"><a href=\"https:\/\/szigetihaz.hu\/en\/vetyemi-osbukkos\/\"><img alt=\"\" src=\"https:\/\/szigetihaz.hu\/wp-content\/uploads\/2018\/07\/vetyem-300x200.jpg\" \/><\/a><\/div>\n  <div class=\"layer-content\">\n        <div class=\"element element_0  title \">\n                    <a target=\"\"\n                href=\"https:\/\/szigetihaz.hu\/en\/vetyemi-osbukkos\/\">[:hu]V\u00e9tyemi \u0151sb\u00fckk\u00f6s[:]<\/a>\n            <\/div>\n    <div class=\"element element_1  excerpt \">\n        [:hu]A v\u00e9tyemi erd\u0151r\u00e9szlet, amely Tormaf\u00f6lde hat\u00e1r\u00e1ban, a MAORT-\u00fatt\u00f3l p\u00e1rsz\u00e1z m\u00e9terre tal\u00e1lhat\u00f3, k\u00fcl\u00f6nleges \u00e9rt\u00e9kkel b\u00edr, ma m\u00e1r szigor\u00fa v\u00e9delem alatt \u00e1ll\u00f3            <\/div>\n            <a class=\"element element_1532455681314  read_more \"\n            target=\"_blank\"\n            href=\"https:\/\/szigetihaz.hu\/en\/vetyemi-osbukkos\/\">R\u00e9szletes inform\u00e1ci\u00f3k<\/a>\n      <\/div>\n    <\/div>\n  <\/div><div class=\"item item-91 skin flat even 8 \">\n        <div class=\"layer-wrapper layout-\">\n        <div class=\"layer-media\"><a href=\"https:\/\/szigetihaz.hu\/en\/maroki-kapolna\/\"><img alt=\"\" src=\"https:\/\/szigetihaz.hu\/wp-content\/uploads\/2018\/07\/Maroki-K\u00e1polna-300x225.jpg\" \/><\/a><\/div>\n  <div class=\"layer-content\">\n        <div class=\"element element_0  title \">\n                    <a target=\"\"\n                href=\"https:\/\/szigetihaz.hu\/en\/maroki-kapolna\/\">[:hu]M\u00e1roki k\u00e1polna[:]<\/a>\n            <\/div>\n    <div class=\"element element_1  excerpt \">\n        [:hu]Sz\u00e9csisziget hat\u00e1r\u00e1ban tal\u00e1lhat\u00f3 a Kerk\u00e1t\u00f3l keletre, a sz\u0151l\u0151hegyen \u00e1ll\u00f3 XIII. sz\u00e1zadi M\u00e1roki-k\u00e1polna, az elpusztult Petr\u00f3c falu temploma, r\u00e9gi temet\u0151vel k\u00f6r\u00fclv\u00e9ve.            <\/div>\n            <a class=\"element element_1532455681314  read_more \"\n            target=\"_blank\"\n            href=\"https:\/\/szigetihaz.hu\/en\/maroki-kapolna\/\">R\u00e9szletes inform\u00e1ci\u00f3k<\/a>\n      <\/div>\n    <\/div>\n  <\/div><div class=\"item item-95 skin flat odd 9 \">\n        <div class=\"layer-wrapper layout-\">\n        <div class=\"layer-media\"><a href=\"https:\/\/szigetihaz.hu\/en\/lendvai-var\/\"><img alt=\"\" src=\"https:\/\/szigetihaz.hu\/wp-content\/uploads\/2018\/07\/lendva_var-300x200.jpg\" \/><\/a><\/div>\n  <div class=\"layer-content\">\n        <div class=\"element element_0  title \">\n                    <a target=\"\"\n                href=\"https:\/\/szigetihaz.hu\/en\/lendvai-var\/\">[:hu]Lendvai v\u00e1r[:]<\/a>\n            <\/div>\n    <div class=\"element element_1  excerpt \">\n        [:hu]A magyar hat\u00e1rt\u00f3l nem messze, de m\u00e1r Szlov\u00e9nia ter\u00fclet\u00e9n, Lendv\u00e1n, a belv\u00e1ros f\u00f6l\u00f6tt magasodik az als\u00f3lendvai v\u00e1r h\u00f3feh\u00e9r fal\u00fa, L            <\/div>\n            <a class=\"element element_1532455681314  read_more \"\n            target=\"_blank\"\n            href=\"https:\/\/szigetihaz.hu\/en\/lendvai-var\/\">R\u00e9szletes inform\u00e1ci\u00f3k<\/a>\n      <\/div>\n    <\/div>\n  <\/div>    <\/div>\n    <div class=\"pagination\">\n      <div class=\"paginate\">\n    <span aria-current=\"page\" class=\"page-numbers current\">1<\/span>\n<a class=\"page-numbers\" href=\"https:\/\/szigetihaz.hu\/en\/wp-json\/wp\/v2\/pages\/18\/page\/2\/\">2<\/a>\n<a class=\"next page-numbers\" href=\"https:\/\/szigetihaz.hu\/en\/wp-json\/wp\/v2\/pages\/18\/page\/2\/\">Next \u00bb<\/a>  <\/div>\n  <style type=\"text\/css\">\n    #post-grid-40 .pagination .page-numbers {\n      font-size: 17px;\n      color: #646464;\n      background: #646464;\n    }\n\n    #post-grid-40 .pagination .page-numbers:hover,\n    #post-grid-40 .pagination .page-numbers.current {\n      background: #4b4b4b;\n    }\n  <\/style>\n  <\/div>\n      <style type=\"text\/css\">\n      \/*Write your CSS code here*\/    <\/style>\n      <script>\n          \/*Write your js code here*\/          <\/script>\n    <style type=\"text\/css\">\n    #post-grid-40 .element_0 {\n      display: block;font-size: 21px;line-height: normal;padding: 5px 10px;text-align: left;    }\n\n    #post-grid-40 .element_1 {\n      display: block;font-size: 12px;padding: 5px 10px;text-align: left;    }\n\n    #post-grid-40 .element_1532455681314 {\n      display: block;font-size: 12px;font-weight: bold;padding: 0 10px;text-align: left;    }\n\n    #post-grid-40 .element_0:hover{}#post-grid-40 .element_1:hover{}#post-grid-40 .element_1532455681314:hover{}  <\/style>\n  <style type=\"text\/css\">\n    #post-grid-40 {\n      padding: 10px;\n      background-color: #fff;\n          }\n\n    #post-grid-40 .item {\n      background: #fff;\n          }\n\n    #post-grid-40 .item .layer-media {\n      height:auto;    }\n\n    @media only screen and (min-width: 0px) and (max-width: 767px) {\n      #post-grid-40 .grid-items {\n        text-align: center;\n              }\n\n      #post-grid-40 .item {\n        width: 90%;\n        margin: 10px;\n        display: inline-block;\n        vertical-align: top;\n        height:auto;      }\n    }\n\n    @media only screen and (min-width: 768px) and (max-width: 1023px) {\n      #post-grid-40 .grid-items {\n        text-align: center;\n              }\n\n      #post-grid-40 .item {\n        width: 225px;\n        margin: 10px;\n        display: inline-block;\n        vertical-align: top;\n        max-height:auto;      }\n    }\n\n    @media only screen and (min-width: 1024px) {\n      #post-grid-40 .grid-items {\n        text-align: center;\n              }\n\n      #post-grid-40 .item {\n        width: 225px;\n        display: inline-block;\n        margin: 10px;\n        vertical-align: top;\n        height:auto;      }\n    }\n\n      <\/style>\n  <\/div>\n\n","protected":false},"excerpt":{"rendered":"","protected":false},"author":1,"featured_media":0,"parent":0,"menu_order":0,"comment_status":"closed","ping_status":"closed","template":"","meta":{"_exactmetrics_skip_tracking":false,"_exactmetrics_sitenote_active":false,"_exactmetrics_sitenote_note":"","_exactmetrics_sitenote_category":0,"ngg_post_thumbnail":0},"aioseo_notices":[],"_links":{"self":[{"href":"https:\/\/szigetihaz.hu\/en\/wp-json\/wp\/v2\/pages\/18"}],"collection":[{"href":"https:\/\/szigetihaz.hu\/en\/wp-json\/wp\/v2\/pages"}],"about":[{"href":"https:\/\/szigetihaz.hu\/en\/wp-json\/wp\/v2\/types\/page"}],"author":[{"embeddable":true,"href":"https:\/\/szigetihaz.hu\/en\/wp-json\/wp\/v2\/users\/1"}],"replies":[{"embeddable":true,"href":"https:\/\/szigetihaz.hu\/en\/wp-json\/wp\/v2\/comments?post=18"}],"version-history":[{"count":2,"href":"https:\/\/szigetihaz.hu\/en\/wp-json\/wp\/v2\/pages\/18\/revisions"}],"predecessor-version":[{"id":43,"href":"https:\/\/szigetihaz.hu\/en\/wp-json\/wp\/v2\/pages\/18\/revisions\/43"}],"wp:attachment":[{"href":"https:\/\/szigetihaz.hu\/en\/wp-json\/wp\/v2\/media?parent=18"}],"curies":[{"name":"wp","href":"https:\/\/api.w.org\/{rel}","templated":true}]}}