{"id":68,"date":"2018-07-24T19:07:12","date_gmt":"2018-07-24T19:07:12","guid":{"rendered":"https:\/\/szigetihaz.hu\/?page_id=68"},"modified":"2023-04-05T14:32:11","modified_gmt":"2023-04-05T14:32:11","slug":"a-hazrol-es-a-kornyekrol","status":"publish","type":"page","link":"https:\/\/szigetihaz.hu\/de\/a-hazrol-es-a-kornyekrol\/","title":{"rendered":"A h\u00e1zr\u00f3l \u00e9s a k\u00f6rny\u00e9kr\u0151l"},"content":{"rendered":"<h3>A h\u00e1z<\/h3>\n<p>A h\u00e1zat nagysz\u00fcleim \u00e9p\u00edtett\u00e9k, Sz\u00e9csisziget &#8222;\u00dajtelep&#8220; nev\u0171 r\u00e9sz\u00e9n, ami igaz\u00e1b\u00f3l egy k\u00fcl\u00f6n\u00e1ll\u00f3 utca a falu sz\u00e9l\u00e9n, a Kerka keleti partj\u00e1n. Az eg\u00e9sz h\u00e1z egy teljes fel\u00faj\u00edt\u00e1son esett \u00e1t az ut\u00f3bbi \u00e9vekben, \u00faj ny\u00edl\u00e1sz\u00e1r\u00f3kat, \u00e9s \u00faj f\u0171t\u00e9si rendszert kapott, \u00e9s a fel\u00faj\u00edt\u00e1sokat folytatjuk a tov\u00e1bbiakban is. Az elm\u00falt \u00e9vben teljesen fel\u00faj\u00edtottuk a konyh\u00e1t, a f\u00fcrd\u0151szob\u00e1t, a szob\u00e1k \u00e9s a nappali \u00faj padl\u00f3t kapott, m\u00e1r kl\u00edma is van a h\u00e1zban. Elk\u00e9sz\u00fclt a k\u00fcls\u0151 terasz is, \u00e9s az \u00f6nt\u00f6z\u0151 v\u00e9gleges ki\u00e9p\u00edt\u00e9se is a kertben.<\/p>\n<p>A h\u00e1zban \u00f6sszesen h\u00e1rom h\u00e1l\u00f3szoba, valamint nappali, konyha, f\u00fcrd\u0151szoba tal\u00e1lhat\u00f3.<\/p>\n<p>A szob\u00e1k eloszt\u00e1sa:<\/p>\n<ul>\n<li>1. h\u00e1l\u00f3szoba: egy dupla \u00e1gy, plusz egy egyszem\u00e9lyes \u00e1gy (ls. a k\u00e9pen),<\/li>\n<li>2. h\u00e1l\u00f3szoba: h\u00e1rom egyszem\u00e9lyes \u00e1gy (de \u00f6sszetolhat\u00f3, ha sz\u00fcks\u00e9ges),<\/li>\n<li>&#8222;gyerekszoba&#8220;: egy emeletes \u00e1gy (plusz itt egy gyerek\u00e1gy is, de azt b\u00e1rmelyik m\u00e1sik szob\u00e1ba \u00e1t is tudjuk vinni),<\/li>\n<li>nappali: sz\u00fcks\u00e9g eset\u00e9n van egy \u00e1ggy\u00e1 alak\u00edthat\u00f3 kanap\u00e9 (eg\u00e9sz k\u00e9nyelmes alv\u00e1sra is k\u00e9t szem\u00e9lyre).<\/li>\n<\/ul>\n<p>Minden szob\u00e1ban van egy szekr\u00e9ny (fele polcos, fele akaszt\u00f3s).<\/p>\nngg_shortcode_0_placeholder\n<h3>Berendez\u00e9s<\/h3>\n<p>Tal\u00e1lsz a konyh\u00e1ban mindent, amire sz\u00fcks\u00e9ged lesz: ed\u00e9nyek, t\u00e1ny\u00e9rok, poharak, ev\u0151eszk\u00f6z\u00f6k term\u00e9szetesen, de van n\u00e1lunk k\u00e1v\u00e9f\u0151z\u0151, mikr\u00f3, s\u00fct\u0151, t\u0171zhely, mosogat\u00f3g\u00e9p, teaf\u0151z\u0151, etet\u0151sz\u00e9k.<\/p>\n<p>Van sz\u00e1r\u00edt\u00f3s mos\u00f3g\u00e9p, amit haszn\u00e1lhatsz, ha sz\u00fcks\u00e9ges, illetve van egy pelenk\u00e1z\u00f3 \u00e9s gyerekf\u00fcrdet\u0151 is a f\u00fcrd\u0151ben.<\/p>\n<p>A szob\u00e1kban (ahogy kor\u00e1bban olvashattad) dupla \u00e9s egyszem\u00e9lyes \u00e1gyak is vannak, \u00e9s minden szob\u00e1ban egy ruh\u00e1sszekr\u00e9ny. Mivel az utc\u00e1ban nem nagyon van forgalom, nyugodtan tudsz pihenni b\u00e1rmelyik napszakban, minden szob\u00e1ban van red\u0151ny is, \u00e9s minden ablakon sz\u00fanyogh\u00e1l\u00f3. Egy gyerek\u00e1gyat is tal\u00e1lsz a h\u00e1zban, ezt b\u00e1rmelyik szob\u00e1ba be tudjuk k\u00e9sz\u00edteni.<\/p>\n<p>A nappaliban tal\u00e1lhat\u00f3 egy eb\u00e9dl\u0151asztal \u00f6t sz\u00e9kkel, valamint egy kanap\u00e9, doh\u00e1nyz\u00f3asztallal. Itt van egy TV is, de rem\u00e9lj\u00fck, erre ritk\u00e1n lesz sz\u00fcks\u00e9getek.<\/p>\n<p>Internet van a h\u00e1zban term\u00e9szetesen, \u00e9s gyerekcsatorn\u00e1k is vannak a TV-n, de filmeket is tal\u00e1lsz, amiket b\u00e1rmikor megn\u00e9zhetsz.<\/p>\n<p>A h\u00e1z k\u00f6r\u00fcl tal\u00e1lsz m\u00e9g bicikliket, amiket szabadon haszn\u00e1lhatsz (2 f\u00e9rfi \u00e9s 2 n\u0151i v\u00e1zas), illetve grillez\u00e9si, bogr\u00e1csoz\u00e1si lehet\u0151s\u00e9g is van, a kertben tavaszt\u00f3l \u0151szig k\u00e9nyelmes kerti b\u00fatorok, melyeken nyugodtan lehet &#8222;hesszelni&#8220; eg\u00e9sz nap.<\/p>\n<p>Meg\u00e9rkez\u00e9skor igyeksz\u00fcnk t\u00e1j\u00e9koztatni mindenf\u00e9le programlehet\u0151s\u00e9gr\u0151l, illetve l\u00e1tnival\u00f3r\u00f3l a k\u00f6rny\u00e9ken, de ak\u00e1r itt az oldalunkon is t\u00e1j\u00e9koz\u00f3dhatsz el\u0151re, hogy milyen sz\u00f3rakoz\u00e1si, vagy pihen\u00e9si lehet\u0151s\u00e9gek vannak. Amennyiben b\u00e1rmelyik program vagy l\u00e1tv\u00e1nyoss\u00e1g \u00e9rdekel, \u00e9s t\u00f6bbet szeretn\u00e9l r\u00f3la tudni, nyugodtan k\u00e9rdezz, seg\u00edt\u00fcnk odatal\u00e1lni, lefoglalni, megrendelni, elmondani a r\u00e9szleteket.<\/p>\n<p>A h\u00e1zhoz tudsz el\u0151re eb\u00e9det is rendelni, ebben is tudunk seg\u00edteni, men\u00fc rendel\u00e9sre van lehet\u0151s\u00e9g, a r\u00e9szletekr\u0151l egyeztet\u00fcnk, ha szeretn\u00e9d. Ha m\u00e1r a meg\u00e9rkez\u00e9skor szeretn\u00e9l eb\u00e9det, k\u00e9rj\u00fck jelezd a foglal\u00e1skor, hogy megrendelj\u00fck neked.<\/p>\n<p><img decoding=\"async\" loading=\"lazy\" class=\"aligncenter wp-image-342 size-large\" src=\"https:\/\/szigetihaz.hu\/wp-content\/uploads\/2020\/01\/TB01378_-1024x683.jpg\" alt=\"\" width=\"525\" height=\"350\" srcset=\"https:\/\/szigetihaz.hu\/wp-content\/uploads\/2020\/01\/TB01378_-1024x683.jpg 1024w, https:\/\/szigetihaz.hu\/wp-content\/uploads\/2020\/01\/TB01378_-300x200.jpg 300w, https:\/\/szigetihaz.hu\/wp-content\/uploads\/2020\/01\/TB01378_-768x512.jpg 768w, https:\/\/szigetihaz.hu\/wp-content\/uploads\/2020\/01\/TB01378_.jpg 1500w\" sizes=\"(max-width: 525px) 100vw, 525px\" \/><\/p>\n<p>Bev\u00e1s\u00e1rl\u00e1si lehet\u0151s\u00e9g a faluban nem sok van (van egy \u00e9lelmiszerbolt, ami d\u00e9lel\u0151tt van nyitva), ez\u00e9rt ink\u00e1bb hozz magaddal, amire sz\u00fcks\u00e9ged lesz. Ha m\u00e9gis kellene valami, ami a kisboltban nincs, akkor Lov\u00e1sziban (5km), Lentiben (10km), Lendv\u00e1n (20km), vagy Leteny\u00e9n (23km) tal\u00e1lsz legk\u00f6zelebb k\u00f6zepes, vagy nagyobb boltokat (CBA, Penny Market, Aldi\/Hofer, Lidl stb.).<\/p>\n<p>A h\u00e1zba bej\u00f6het a kutyusod is (ha szeretn\u00e9d, akkor a cic\u00e1d is), amennyiben am\u00fagy is benti kuty\u00e1r\u00f3l (vagy cic\u00e1r\u00f3l) van sz\u00f3, tal\u00e1lsz egy kutyafekhelyet is, ha nem v\u00e1logat\u00f3s az eb, nyugodtan haszn\u00e1lj\u00e1tok (etet\u0151 \u00e9s itat\u00f3t\u00e1l is van). Biztons\u00e1gos s\u00e9t\u00e1hoz tal\u00e1lsz kuty\u00e1ra val\u00f3 l\u00e1that\u00f3s\u00e1gi mell\u00e9nyt, h\u00e1rom m\u00e9retben is (m\u00e1r csak kett\u0151, mert valakinek megtetszett az egyik \ud83d\ude00 ).<\/p>\n<h3>Sz\u00e9csisziget<\/h3>\n<p>A falu a Zalai dombs\u00e1g Mura \u00e9s Zala foly\u00f3k v\u00f6lgyei \u00e1ltal k\u00f6zrefogott ter\u00fcleten, a K\u00f6z\u00e9p-Zalai dombs\u00e1gon, a Kerka foly\u00f3 partj\u00e1n helyezkedik el, Lentit\u0151l 10 kilom\u00e9terre. Ez a kis telep\u00fcl\u00e9s, nem messze tal\u00e1lhat\u00f3 a szlov\u00e9n hat\u00e1rt\u00f3l. A Cserta a falu k\u00f6zel\u00e9ben torkollik a Kerk\u00e1ba, amely itt t\u00f6r \u00e1t a Zalai dombvid\u00e9k d\u00e9lnyugati, meredek ny\u00falv\u00e1nyait a Lenti-Lendvai-hegy k\u00f6z\u00f6tt, s k\u00f6ti \u00f6ssze a Lenti-s\u00edks\u00e1got a Murak\u00f6zzel. A k\u00e9t patakon valaha sok v\u00edzimalom m\u0171k\u00f6d\u00f6tt. A falu a Kerka &#8222;terasz\u00e1ra&#8220;, annak egyik kis sziget\u00e9re \u00e9p\u00fclt. H\u00eddja k\u00f6ti \u00f6ssze a Lov\u00e1szi-Lenti \u00e9s Tormaf\u00f6lde-P\u00e1ka \u00fatvonalakkal. Megk\u00f6zel\u00edteni ezt a falut, Zalaegerszegr\u0151l a 75-\u00f6s, Nagykanizs\u00e1r\u00f3l az M7-es \u00e9s M70-es \u00faton lehet.<\/p>\n<p>Az \u0151si telep\u00fcl\u00e9s a dombok sz\u00e9l\u00e9n, az erd\u0151 t\u00f6v\u00e9ben helyezkedett el (ahol a h\u00e1z is tal\u00e1lhat\u00f3). K\u00e9s\u0151bb ker\u00fclt a falu a Kerka partj\u00e1ra. A Kerka adta mocsaras vid\u00e9k kit\u0171n\u0151 b\u00fav\u00f3hely\u00fcl szolg\u00e1lt a lakoss\u00e1g sz\u00e1m\u00e1ra k\u00fcl\u00f6nb\u00f6z\u0151 meghurcoltat\u00e1sok el\u0151l.<\/p>\n<h3>Zalai-dombs\u00e1g<\/h3>\n<p>A Zalai-dombs\u00e1g Magyarorsz\u00e1g nyugati hat\u00e1rsz\u00e9l\u00e9n, a Nyugat-magyarorsz\u00e1gi peremvid\u00e9ken elter\u00fcl\u0151 f\u00f6ldrajzi k\u00f6z\u00e9pt\u00e1j. A dombh\u00e1takon fennmaradt a foly\u00f3v\u00edzi kavicstakar\u00f3, a j\u00e9gkorszaki sz\u00e9lbar\u00e1zd\u00e1kban kialakult v\u00f6lgyek n\u00e9melyike az egykori Pannon-tenger plioc\u00e9n kor\u00fa \u00fcled\u00e9keit is felt\u00e1rja.<\/p>\n<p>A s\u0171r\u0171, csaknem p\u00e1rhuzamos, de d\u00e9l fel\u00e9 kiss\u00e9 sz\u00e9tter\u00fcl\u0151, m\u00e9lyen bev\u00e1g\u00f3d\u00f3 v\u00f6lgyek er\u0151sen tagolj\u00e1k a felsz\u00ednt. Ez a felszabdalts\u00e1g nem kedvezett a nagyobb telep\u00fcl\u00e9sek kialakul\u00e1s\u00e1nak, \u00edgy v\u00e1lt jellemz\u0151v\u00e9 a \u201eszeges\u201d falut\u00edpus.<\/p>\n<p>Legjelent\u0151sebb foly\u00f3ja a Zala, a Balaton legf\u0151bb v\u00edzsz\u00e1ll\u00edt\u00f3ja.<\/p>\n<p>Ter\u00fclet\u00e9nek nagy h\u00e1nyad\u00e1t erd\u0151 bor\u00edtja, az orsz\u00e1gos \u00e1tlagn\u00e1l kevesebb a sz\u00e1nt\u00f3f\u00f6ld.<\/p>\n<p>Nyersanyagai k\u00f6z\u00fcl a sz\u00e9nhidrog\u00e9n, az \u00e9p\u00edt\u0151anyagok \u00e9s term\u00e1lv\u00edz emelend\u0151 ki. A m\u00e1ra j\u00f3r\u00e9szt kiapadt k\u0151olaj- \u00e9s f\u00f6ldg\u00e1zk\u00e9szletek kiakn\u00e1z\u00e1s\u00e1ra alakult meg a Magyar-Amerikai Olajipari R\u00e9szv\u00e9nyt\u00e1rsas\u00e1g (MAORT), amely az \u00e1llamos\u00edt\u00e1s ut\u00e1n is a ter\u00fclet fejl\u0151d\u00e9s\u00e9nek egyik mozgat\u00f3rug\u00f3ja maradt.<\/p>\n<p>A dombs\u00e1g k\u00e9t legnagyobb v\u00e1rosa Zalaegerszeg \u00e9s Nagykanizsa.<\/p>\n","protected":false},"excerpt":{"rendered":"<p>A h\u00e1z A h\u00e1zat nagysz\u00fcleim \u00e9p\u00edtett\u00e9k, Sz\u00e9csisziget &#8222;\u00dajtelep&#8220; nev\u0171 r\u00e9sz\u00e9n, ami igaz\u00e1b\u00f3l egy k\u00fcl\u00f6n\u00e1ll\u00f3 utca a falu sz\u00e9l\u00e9n, a Kerka keleti partj\u00e1n. Az eg\u00e9sz h\u00e1z egy teljes fel\u00faj\u00edt\u00e1son esett \u00e1t az ut\u00f3bbi \u00e9vekben, \u00faj ny\u00edl\u00e1sz\u00e1r\u00f3kat, \u00e9s \u00faj f\u0171t\u00e9si rendszert kapott, \u00e9s a fel\u00faj\u00edt\u00e1sokat folytatjuk a tov\u00e1bbiakban is. Az elm\u00falt \u00e9vben teljesen fel\u00faj\u00edtottuk a konyh\u00e1t, a &hellip; <\/p>\n<p class=\"link-more\"><a href=\"https:\/\/szigetihaz.hu\/de\/a-hazrol-es-a-kornyekrol\/\" class=\"more-link\"><span class=\"screen-reader-text\">\u201eA h\u00e1zr\u00f3l \u00e9s a k\u00f6rny\u00e9kr\u0151l\u201c<\/span> weiterlesen<\/a><\/p>\n","protected":false},"author":1,"featured_media":0,"parent":0,"menu_order":0,"comment_status":"closed","ping_status":"closed","template":"","meta":{"_exactmetrics_skip_tracking":false,"_exactmetrics_sitenote_active":false,"_exactmetrics_sitenote_note":"","_exactmetrics_sitenote_category":0,"ngg_post_thumbnail":0},"aioseo_notices":[],"_links":{"self":[{"href":"https:\/\/szigetihaz.hu\/de\/wp-json\/wp\/v2\/pages\/68"}],"collection":[{"href":"https:\/\/szigetihaz.hu\/de\/wp-json\/wp\/v2\/pages"}],"about":[{"href":"https:\/\/szigetihaz.hu\/de\/wp-json\/wp\/v2\/types\/page"}],"author":[{"embeddable":true,"href":"https:\/\/szigetihaz.hu\/de\/wp-json\/wp\/v2\/users\/1"}],"replies":[{"embeddable":true,"href":"https:\/\/szigetihaz.hu\/de\/wp-json\/wp\/v2\/comments?post=68"}],"version-history":[{"count":28,"href":"https:\/\/szigetihaz.hu\/de\/wp-json\/wp\/v2\/pages\/68\/revisions"}],"predecessor-version":[{"id":429,"href":"https:\/\/szigetihaz.hu\/de\/wp-json\/wp\/v2\/pages\/68\/revisions\/429"}],"wp:attachment":[{"href":"https:\/\/szigetihaz.hu\/de\/wp-json\/wp\/v2\/media?parent=68"}],"curies":[{"name":"wp","href":"https:\/\/api.w.org\/{rel}","templated":true}]}}