{"id":213,"date":"2019-01-17T10:43:09","date_gmt":"2019-01-17T10:43:09","guid":{"rendered":"https:\/\/szigetihaz.hu\/?page_id=213"},"modified":"2019-01-17T10:51:59","modified_gmt":"2019-01-17T10:51:59","slug":"horgaszat","status":"publish","type":"page","link":"https:\/\/szigetihaz.hu\/de\/horgaszat\/","title":{"rendered":"Horg\u00e1szat"},"content":{"rendered":"\n<p>Az al\u00e1bb felsorolt horg\u00e1szati lehet\u0151s\u00e9gek vannak a k\u00f6rny\u00e9ken, melyek \u00e1ltal\u00e1ban napijeggyel ig\u00e9nybe vehet\u0151ek.<\/p>\n\n\n\n<h2 class=\"wp-block-heading\">Sziget Horg\u00e1szegyes\u00fclet, Kissziget<\/h2>\n\n\n\n<p>T\u00e1vols\u00e1g: 9 km<\/p>\n\n\n\n<p>Kissziget k\u00f6zs\u00e9gben egy k\u00f6r\u00fclbel\u00fcl 15 hekt\u00e1ros v\u00edzt\u00e1roz\u00f3 v\u00e1rj a pontyra, csuk\u00e1ra, s\u00fcll\u0151re, keszegre, k\u00e1r\u00e1szra horg\u00e1szni v\u00e1gy\u00f3kat.<\/p>\n\n\n\n<iframe loading=\"lazy\" src=\"https:\/\/www.google.com\/maps\/embed?pb=!1m18!1m12!1m3!1d31366.612173685815!2d16.648805448899743!3d46.62793313597723!2m3!1f0!2f0!3f0!3m2!1i1024!2i768!4f13.1!3m3!1m2!1s0x4768cec5467f486b%3A0x400c4290c1ebfc0!2sKissziget%2C+8957!5e1!3m2!1shu!2shu!4v1547722100534\" width=\"600\" height=\"450\" frameborder=\"0\" style=\"border:0\" allowfullscreen><\/iframe>\n\n\n\n<p> <\/p>\n\n\n\n<h2 class=\"wp-block-heading\">Mar\u00f3ci t\u00f3<\/h2>\n\n\n\n<p>T\u00e1vols\u00e1g: 18 km<\/p>\n\n\n\n<p>Lispeszentadorj\u00e1n, Kiscsehi \u00e9s Mar\u00f3c k\u00f6zs\u00e9gek k\u00f6z\u00f6tt tal\u00e1lhat\u00f3 a k\u00f6r\u00fclbel\u00fcl 12 hekt\u00e1ros t\u00f3. Egyik partj\u00e1t f\u00e1k \u00e9s bokrok, m\u00e1sik oldal\u00e1t n\u00e1d \u00e9s gy\u00e9k\u00e9ny bor\u00edtja. A tavon (a tilalmi id\u0151szak kiv\u00e9tel\u00e9vel) \u00e9jszaka is enged\u00e9lyezett a horg\u00e1szat. Foghat\u00f3 halfajt\u00e1k: ponty, amur, csuka, s\u00fcll\u0151, keszeg, k\u00e1r\u00e1sz, t\u00f6rpeharcsa.<\/p>\n\n\n\n<p>Kezel\u0151: T\u00e1rsult \u00d6nkorm\u00e1nyzatok Horg\u00e1sz Egyes\u00fclete<\/p>\n\n\n\n<iframe loading=\"lazy\" src=\"https:\/\/www.google.com\/maps\/embed?pb=!1m18!1m12!1m3!1d11182.631091271363!2d16.665128537166176!3d46.53829549335582!2m3!1f0!2f0!3f0!3m2!1i1024!2i768!4f13.1!3m3!1m2!1s0x4768b7fdcad3efa1%3A0x25a7783c58939841!2zTWFyw7NjaS10w7M!5e1!3m2!1shu!2shu!4v1547721890488\" width=\"600\" height=\"450\" frameborder=\"0\" style=\"border:0\" allowfullscreen><\/iframe>\n\n\n\n<p> <\/p>\n\n\n\n<h2 class=\"wp-block-heading\">S\u00e1rberki horg\u00e1szt\u00f3<\/h2>\n\n\n\n<p>T\u00e1vols\u00e1g: 11 km<\/p>\n\n\n\n<p>Lenti mellett tal\u00e1lhat\u00f3k a nagyon j\u00f3 v\u00edzmin\u0151s\u00e9g\u0171, hat hekt\u00e1ron elter\u00fcl\u0151 b\u00e1nyatavak. Csod\u00e1latos k\u00f6rnyezetben, st\u00e9gekr\u0151l \u00e9s a t\u00f3 partj\u00e1r\u00f3l lehet pec\u00e1zni pontyot, amurt, csuk\u00e1t, s\u00fcll\u0151t, harcs\u00e1t, keszeget, k\u00e1r\u00e1szt, s\u00fcg\u00e9rt, t\u00f6rpeharcs\u00e1t, naphalat. Eg\u00e9sz \u00e9vben horg\u00e1szversenyekkel, rendezv\u00e9nyekkel v\u00e1rj\u00e1k mind a horg\u00e1szokat, mind a pihenni, kikapcsol\u00f3dni v\u00e1gy\u00f3kat.<\/p>\n\n\n\n<p>A 6 hekt\u00e1rnyi v\u00edzter\u00fclet 3 t\u00f3b\u00f3l \u00e1ll. A tavak intenz\u00edven telep\u00edtettek, \u00e9vente \u00e1tlagosan t\u00f6bb mint 35 m\u00e1zsa halat telep\u00edtenek. <\/p>\n\n\n\n<p><strong>M\u00e9ret \u00e9s mennyis\u00e9gi korl\u00e1toz\u00e1s<\/strong>: &nbsp;S\u00fcll\u0151: 30 cm,&nbsp;Csuka: 40 cm,&nbsp;Ponty: 30 cm,&nbsp;Harcsa: 50 cm,&nbsp;Amur: 40 cm.&nbsp;Egy\u00e9b mennyis\u00e9gi \u00e9s m\u00e9ret korl\u00e1toz\u00e1s az orsz\u00e1gos horg\u00e1szrend szerint t\u00f6rt\u00e9nik.<\/p>\n\n\n\n<p><strong>Pontymatrac haszn\u00e1lata k\u00f6telez\u0151!<\/strong><\/p>\n\n\n\n<p>Norm\u00e1l t\u00f3 jegy\u00e1rak<\/p>\n\n\n\n<p>Feln\u0151tt napijegy :&nbsp;2.000 Ft<\/p>\n\n\n\n<p>24 \u00f3r\u00e1s feln\u0151tt jegy: 3000 Ft<\/p>\n\n\n\n<p>Feln\u0151tt hetijegy : 10.000 Ft<\/p>\n\n\n\n<p>Kezel\u0151: Rezidencia 96 Kft<br>Kezel\u0151 telefonsz\u00e1ma: +36 30 640-77-28<br>Kezel\u0151 honlap c\u00edme:\u00a0<a rel=\"noreferrer noopener\" href=\"http:\/\/sarberkito.hu\/\" target=\"_blank\">sarberkito.hu<\/a><\/p>\n\n\n\n<iframe loading=\"lazy\" src=\"https:\/\/www.google.com\/maps\/embed?pb=!1m18!1m12!1m3!1d3920.4088770293597!2d16.54276131602542!3d46.63369866266629!2m3!1f0!2f0!3f0!3m2!1i1024!2i768!4f13.1!3m3!1m2!1s0x4768cb6504bc4663%3A0x9955be639e348c44!2zU8OhcmJlcmtpIGhvcmfDoXN6dMOz!5e1!3m2!1shu!2shu!4v1547721849476\" width=\"600\" height=\"450\" frameborder=\"0\" style=\"border:0\" allowfullscreen><\/iframe>\n\n\n\n<p> <\/p>\n\n\n\n<h2 class=\"wp-block-heading\">Lendvadedesi v\u00edzt\u00e1roz\u00f3<\/h2>\n\n\n\n<p>T\u00e1vols\u00e1g: 11 km<\/p>\n\n\n\n<p><strong>Horg\u00e1szjegy \u00e1ra:<\/strong>&nbsp;<\/p>\n\n\n\n<p>&#8211; Napijegy \u00e1rak: Feln\u0151tt napijegy: 3500 Ft&nbsp;<br>&#8211; Gyermek napijegy: 2000 Ft&nbsp;<br><\/p>\n\n\n\n<p><strong>Foghat\u00f3 halak:<\/strong>&nbsp;ponty, amur, s\u00fcll\u0151, harcsa, keszeg, k\u00e1r\u00e1sz, t\u00f6rpeharcsaA t\u00f3 v\u00e1ltoz\u00f3 v\u00edzm\u00e9lys\u00e9g\u0171, k\u00f6zep\u00e9n egy m\u00e9ly \u00e1rok h\u00faz\u00f3dik.&nbsp; <\/p>\n\n\n\n<p>Napijegyek kaphat\u00f3k:&nbsp;<\/p>\n\n\n\n<p>Kezel\u0151: Tenkev\u00f6lgye Term\u00e9szetv\u00e9d\u0151 \u00e9s SHE.<br>Kezel\u0151 telefonsz\u00e1ma: 06 92 353-467<br>Kezel\u0151 honlap c\u00edme:&nbsp;<a rel=\"noreferrer noopener\" href=\"http:\/\/tenkevolgye.eoldal.hu\/\" target=\"_blank\">tenkevolgye.eoldal.hu<\/a><\/p>\n\n\n\n<p> Napijegy kaphat\u00f3:<br>&#8211; Garda Horg\u00e1szbolt &#8211; 8960 Lenti, Takar\u00e9k k\u00f6z 2. (+36\/92 353-477)<br>&#8211; Hubertus Horg\u00e1szbolt &#8211; 8960 Lenti, Pet\u0151fi S\u00e1ndor \u00fat 5. (+36\/92 353-522)<br>&#8211; T\u00f3b\u00fcf\u00e9 &#8211; Lendvadedesi t\u00f3 (Nyitvatart\u00e1si id\u0151ben)<br>&#8211; Nemzeti Doh\u00e1nybolt &#8211; 8978 R\u00e9dics, Lenti \u00fat 5\/A<br>&#8211; M\u00e1rcius L\u00e1szl\u00f3 &#8211; 8978 R\u00e9dics, Sug\u00e1r utca 1. (+36\/30 580-5820)<br>&#8211; Csisz\u00e1r L\u00e1szl\u00f3 &#8211; 8978 R\u00e9dics, Pet\u0151fi S\u00e1ndor \u00fat (+36\/30 418-8432) <\/p>\n\n\n\n<iframe loading=\"lazy\" src=\"https:\/\/www.google.com\/maps\/embed?pb=!1m18!1m12!1m3!1d7848.055603578494!2d16.505496479210784!3d46.583721690393475!2m3!1f0!2f0!3f0!3m2!1i1024!2i768!4f13.1!3m3!1m2!1s0x4768cac12f62c1fd%3A0x71b2fe423833ad86!2sLendvadedes!5e1!3m2!1shu!2shu!4v1547721815312\" width=\"600\" height=\"450\" frameborder=\"0\" style=\"border:0\" allowfullscreen><\/iframe>\n\n\n\n<h2 class=\"wp-block-heading\">Kerka-holt\u00e1g Kerkaszentkir\u00e1ly<\/h2>\n\n\n\n<p>T\u00e1vols\u00e1g: 10 km<\/p>\n\n\n\n<p>Horg\u00e1szjegy \u00e1ra:&nbsp;<\/p>\n\n\n\n<p>Feln\u0151tt napi: 2500 Ft&nbsp;<br>Feln\u0151tt heti: 6000 Ft&nbsp;<br>Ifi napi: 1200 Ft&nbsp;<br>Gyermek napi: 500 Ft<\/p>\n\n\n\n<p><strong>Foghat\u00f3 halak:<\/strong>&nbsp;ponty, amur, csuka, keszeg, k\u00e1r\u00e1sz, t\u00f6rpeharcsa\u00c1tlagm\u00e9lys\u00e9g: 1,5 &#8211; 2 m\u00e9ter\n\n<\/p>\n\n\n\n<p>Kezel\u0151: Kerkaszentkir\u00e1lyi Kerka Horg\u00e1sz Egyes\u00fclet <br>Kezel\u0151 telefonsz\u00e1ma: 06 70 340-8468<br>Kezel\u0151 honlap c\u00edme: vasihorgasz.hu<\/p>\n\n\n\n<iframe loading=\"lazy\" src=\"https:\/\/www.google.com\/maps\/embed?pb=!1m18!1m12!1m3!1d2701.7079873546563!2d16.591378998024794!3d46.48917566982446!2m3!1f0!2f0!3f0!3m2!1i1024!2i768!4f13.1!3m3!1m2!1s0x4768b6937d58603d%3A0x1a7aaf392952a049!2sKerkaszentkir%C3%A1ly%2C+8874!5e1!3m2!1shu!2shu!4v1547722014268\" width=\"600\" height=\"450\" frameborder=\"0\" style=\"border:0\" allowfullscreen><\/iframe>\n\n\n\n<p><\/p>\n\n\n\n<h2 class=\"wp-block-heading\">Muraszemenyei b\u00e1nyatavak<\/h2>\n\n\n\n<p><strong>Kezel\u0151:<\/strong>&nbsp;DKB Muraszemenye KFT<br><strong>V\u00edz t\u00edpusa:<\/strong>&nbsp;B\u00e1nyat\u00f3<br><strong>V\u00edz ter\u00fclete:<\/strong>&nbsp;ha&nbsp; 73 HA&nbsp; ( 4 t\u00f3 )<\/p>\n\n\n\n<p><strong>\u00c1tlagm\u00e9lys\u00e9g:<\/strong>&nbsp;2.6 m<br><strong>Fen\u00e9kviszonyok:<\/strong>&nbsp;v\u00e1ltozatos<br><strong>N\u00f6v\u00e9nyzet:<\/strong>&nbsp; v\u00edzit\u00f6k a partmenti s\u00e1vokban<br><strong>Halak:<\/strong>&nbsp;foghat\u00f3 halak&nbsp; ponty, am\u00far, s\u00fcll\u0151, csuka, balin,&nbsp; keszeg f\u00e9l\u00e9k ( gy\u00f6ny\u00f6r\u0171 \u00e1llom\u00e1ny), comp\u00f3, kev\u00e9s k\u00e1r\u00e1sz&nbsp;<\/p>\n\n\n\n<p><strong>Telep\u00edt\u00e9sek:<\/strong>&nbsp;\u00e9vi 2 alkalom, \u00e1prilis, november<br><strong>Horg\u00e1szid\u0151szak:<\/strong>&nbsp;ponty tilalom nincs, a t\u00f6bbi fajlagos tilalmi id\u0151 az orsz\u00e1gos rend szerint<br><strong>Elvihet\u0151 halmennyis\u00e9g:<\/strong>&nbsp;3 db nemes hal&nbsp; (egy fajt\u00e1b\u00f3l max. 2 db ), 5 kg egy\u00e9b ( 10 kg feletti p\u00e9ld\u00e1nyokat&nbsp; vissza kell helyezni)<br><\/p>\n\n\n\n<p><a rel=\"noreferrer noopener\" href=\"http:\/\/www.dkbmuraszemenye.hu\/\" target=\"_blank\"><\/a><strong>Jegyv\u00e1lt\u00e1s:<\/strong>\u00a0a muraszemenyei kocsm\u00e1ban ( 6.00- 20.00-ig), a nagykanizsai horg\u00e1szboltokban, a letenyei horg\u00e1szboltban, valamint a DKB-Muraszenmenye HE eln\u00f6k\u00e9n\u00e9l \u00e9s titk\u00e1r\u00e1n\u00e1l. <\/p>\n\n\n\n<iframe loading=\"lazy\" src=\"https:\/\/www.google.com\/maps\/embed?pb=!1m18!1m12!1m3!1d10811.766756860989!2d16.620630035913635!3d46.474113563519275!2m3!1f0!2f0!3f0!3m2!1i1024!2i768!4f13.1!3m3!1m2!1s0x4768b74ff577e521%3A0x400c4290c1ed750!2sMuraszemenye%2C+8872!5e1!3m2!1shu!2shu!4v1547722076402\" width=\"600\" height=\"450\" frameborder=\"0\" style=\"border:0\" allowfullscreen><\/iframe>\n\n\n\n<p> <\/p>\n\n\n\n<h2 class=\"wp-block-heading\">Mura foly\u00f3<\/h2>\n\n\n\n<p>Jegy\u00e1rak:<\/p>\n\n\n\n<p>Feln\u0151tt \u00e9ves: 10000 Ft<br>Feln\u0151tt \u00e9ves Nem sz\u00f6vets\u00e9gi: 20000 Ft<br>Feln\u0151tt napi: 2000 Ft<br>Ifj\u00fas\u00e1gi \u00e9ves: 5000 Ft<br>Ifj\u00fas\u00e1gi napi: 1000 Ft <\/p>\n\n\n\n<h2 class=\"wp-block-heading\">Cserta, Kebele, Kerka, Lendva\u00a0patakok<\/h2>\n\n\n\n<p>Feln\u0151tt \u00e9ves: 5500 Ft <\/p>\n","protected":false},"excerpt":{"rendered":"<p>Az al\u00e1bb felsorolt horg\u00e1szati lehet\u0151s\u00e9gek vannak a k\u00f6rny\u00e9ken, melyek \u00e1ltal\u00e1ban napijeggyel ig\u00e9nybe vehet\u0151ek. Sziget Horg\u00e1szegyes\u00fclet, Kissziget T\u00e1vols\u00e1g: 9 km Kissziget k\u00f6zs\u00e9gben egy k\u00f6r\u00fclbel\u00fcl 15 hekt\u00e1ros v\u00edzt\u00e1roz\u00f3 v\u00e1rj a pontyra, csuk\u00e1ra, s\u00fcll\u0151re, keszegre, k\u00e1r\u00e1szra horg\u00e1szni v\u00e1gy\u00f3kat. Mar\u00f3ci t\u00f3 T\u00e1vols\u00e1g: 18 km Lispeszentadorj\u00e1n, Kiscsehi \u00e9s Mar\u00f3c k\u00f6zs\u00e9gek k\u00f6z\u00f6tt tal\u00e1lhat\u00f3 a k\u00f6r\u00fclbel\u00fcl 12 hekt\u00e1ros t\u00f3. Egyik partj\u00e1t f\u00e1k &hellip; <\/p>\n<p class=\"link-more\"><a href=\"https:\/\/szigetihaz.hu\/de\/horgaszat\/\" class=\"more-link\"><span class=\"screen-reader-text\">\u201eHorg\u00e1szat\u201c<\/span> weiterlesen<\/a><\/p>\n","protected":false},"author":1,"featured_media":0,"parent":0,"menu_order":0,"comment_status":"closed","ping_status":"closed","template":"","meta":{"_exactmetrics_skip_tracking":false,"_exactmetrics_sitenote_active":false,"_exactmetrics_sitenote_note":"","_exactmetrics_sitenote_category":0,"ngg_post_thumbnail":0},"aioseo_notices":[],"_links":{"self":[{"href":"https:\/\/szigetihaz.hu\/de\/wp-json\/wp\/v2\/pages\/213"}],"collection":[{"href":"https:\/\/szigetihaz.hu\/de\/wp-json\/wp\/v2\/pages"}],"about":[{"href":"https:\/\/szigetihaz.hu\/de\/wp-json\/wp\/v2\/types\/page"}],"author":[{"embeddable":true,"href":"https:\/\/szigetihaz.hu\/de\/wp-json\/wp\/v2\/users\/1"}],"replies":[{"embeddable":true,"href":"https:\/\/szigetihaz.hu\/de\/wp-json\/wp\/v2\/comments?post=213"}],"version-history":[{"count":4,"href":"https:\/\/szigetihaz.hu\/de\/wp-json\/wp\/v2\/pages\/213\/revisions"}],"predecessor-version":[{"id":287,"href":"https:\/\/szigetihaz.hu\/de\/wp-json\/wp\/v2\/pages\/213\/revisions\/287"}],"wp:attachment":[{"href":"https:\/\/szigetihaz.hu\/de\/wp-json\/wp\/v2\/media?parent=213"}],"curies":[{"name":"wp","href":"https:\/\/api.w.org\/{rel}","templated":true}]}}