{"id":115,"date":"2018-07-25T18:56:02","date_gmt":"2018-07-25T18:56:02","guid":{"rendered":"https:\/\/szigetihaz.hu\/?page_id=115"},"modified":"2021-07-09T09:01:10","modified_gmt":"2021-07-09T09:01:10","slug":"arak","status":"publish","type":"page","link":"https:\/\/szigetihaz.hu\/de\/arak\/","title":{"rendered":"\u00c1rak"},"content":{"rendered":"<p>Igyekezt\u00fcnk \u00fagy kialak\u00edtani az \u00e1raz\u00e1st, hogy a legk\u00e9nyelmesebb legyen minden esetben.<\/p>\n<p>\u00d6t f\u0151ig a h\u00e1z b\u00e9rleti d\u00edja fix. A napi \u00e1rakat a <a href=\"https:\/\/szigetihaz.hu\/foglalas\/\">Foglal\u00e1s<\/a> oldalon tal\u00e1lod, szezont\u00f3l, k\u00fcls\u0151 h\u0151m\u00e9rs\u00e9klett\u0151l (f\u0171t\u00e9s) \u00e9s kereslett\u0151l f\u00fcgg\u0151en v\u00e1ltozhatnak. A napi d\u00edjon fel\u00fcl 18 \u00e9v felettieknek helyi idegenforgalmi ad\u00f3t is kell fizetni (300 Ft\/f\u0151 \u00e9jszak\u00e1nk\u00e9nt).<\/p>\n<p>Amennyiben \u00f6tn\u00e9l t\u00f6bben j\u00f6nn\u00e9tek, fejenk\u00e9nt plusz 2000 Ft\/\u00e9jszaka a d\u00edj (plusz itt is van a helyi idegenforgalmi ad\u00f3, ami 300 Ft\/f\u0151\/\u00e9jszaka).<\/p>\n<p>A becsekkol\u00e1st \u00e9s a kicsekkol\u00e1st meg fogjuk tudni besz\u00e9lni szem\u00e9lyesen. Ha \u00e9ppen kik\u00f6lt\u00f6znek \u00e9s ti m\u00e1r j\u00f6nn\u00e9tek, akkor lehet, hogy egy kicsit v\u00e1rni kell, de igyeksz\u00fcnk \u00fagy szervezni, hogy ilyen ne legyen.<\/p>\n<p>H\u00e1rom \u00e9vesn\u00e9l fiatalabb gyermeked\u00e9rt nem sz\u00e1m\u00edtunk fel plusz d\u00edjat, \u00e9s kuty\u00e1dat vagy macsk\u00e1dat is ingyen hozhatod magaddal.<\/p>\n<p>Ha n\u00e9gy napn\u00e1l hosszabb id\u0151re szeretn\u00e9d kib\u00e9relni a h\u00e1zat, vagy kedvezm\u00e9nyes id\u0151szakban \u00e9rkezel, a fenti d\u00edjb\u00f3l kedvezm\u00e9nyt is kapsz, illetve ha kuponk\u00f3ddal rendelkezel, akkor a foglal\u00e1skor k\u00e9rj\u00fck jelezd ezt a megfelel\u0151 mez\u0151ben, hogy j\u00f3v\u00e1\u00edrjuk neked a kedvezm\u00e9nyed.<\/p>\n<p>K\u00f6zvet\u00edt\u0151 oldalon kereszt\u00fcl t\u00f6rt\u00e9n\u0151 foglal\u00e1s eset\u00e9n a k\u00f6zvet\u00edt\u0151n\u00e9l l\u00e1that\u00f3 \u00e1rb\u00f3l k\u00fcl\u00f6n kedvezm\u00e9nyt nem tudunk biztos\u00edtani!<\/p>\n","protected":false},"excerpt":{"rendered":"<p>Igyekezt\u00fcnk \u00fagy kialak\u00edtani az \u00e1raz\u00e1st, hogy a legk\u00e9nyelmesebb legyen minden esetben. \u00d6t f\u0151ig a h\u00e1z b\u00e9rleti d\u00edja fix. A napi \u00e1rakat a Foglal\u00e1s oldalon tal\u00e1lod, szezont\u00f3l, k\u00fcls\u0151 h\u0151m\u00e9rs\u00e9klett\u0151l (f\u0171t\u00e9s) \u00e9s kereslett\u0151l f\u00fcgg\u0151en v\u00e1ltozhatnak. A napi d\u00edjon fel\u00fcl 18 \u00e9v felettieknek helyi idegenforgalmi ad\u00f3t is kell fizetni (300 Ft\/f\u0151 \u00e9jszak\u00e1nk\u00e9nt). Amennyiben \u00f6tn\u00e9l t\u00f6bben j\u00f6nn\u00e9tek, fejenk\u00e9nt plusz &hellip; <\/p>\n<p class=\"link-more\"><a href=\"https:\/\/szigetihaz.hu\/de\/arak\/\" class=\"more-link\"><span class=\"screen-reader-text\">\u201e\u00c1rak\u201c<\/span> weiterlesen<\/a><\/p>\n","protected":false},"author":1,"featured_media":0,"parent":0,"menu_order":0,"comment_status":"closed","ping_status":"closed","template":"","meta":{"_exactmetrics_skip_tracking":false,"_exactmetrics_sitenote_active":false,"_exactmetrics_sitenote_note":"","_exactmetrics_sitenote_category":0,"ngg_post_thumbnail":0},"aioseo_notices":[],"_links":{"self":[{"href":"https:\/\/szigetihaz.hu\/de\/wp-json\/wp\/v2\/pages\/115"}],"collection":[{"href":"https:\/\/szigetihaz.hu\/de\/wp-json\/wp\/v2\/pages"}],"about":[{"href":"https:\/\/szigetihaz.hu\/de\/wp-json\/wp\/v2\/types\/page"}],"author":[{"embeddable":true,"href":"https:\/\/szigetihaz.hu\/de\/wp-json\/wp\/v2\/users\/1"}],"replies":[{"embeddable":true,"href":"https:\/\/szigetihaz.hu\/de\/wp-json\/wp\/v2\/comments?post=115"}],"version-history":[{"count":7,"href":"https:\/\/szigetihaz.hu\/de\/wp-json\/wp\/v2\/pages\/115\/revisions"}],"predecessor-version":[{"id":407,"href":"https:\/\/szigetihaz.hu\/de\/wp-json\/wp\/v2\/pages\/115\/revisions\/407"}],"wp:attachment":[{"href":"https:\/\/szigetihaz.hu\/de\/wp-json\/wp\/v2\/media?parent=115"}],"curies":[{"name":"wp","href":"https:\/\/api.w.org\/{rel}","templated":true}]}}